{"id":4322,"date":"2020-11-17T17:48:11","date_gmt":"2020-11-17T17:48:11","guid":{"rendered":"http:\/\/ms24.no\/?page_id=4322"},"modified":"2023-11-04T18:05:32","modified_gmt":"2023-11-04T17:05:32","slug":"anti-graffiti","status":"publish","type":"page","link":"https:\/\/ms24.no\/?page_id=4322","title":{"rendered":"Anti-Graffiti"},"content":{"rendered":"<div class=\"wpb-content-wrapper\"><p>[vc_row][vc_column][vc_column_text css_animation=&#8221;fadeIn&#8221;]<\/p>\n<h4>Milj\u00f8 Solutions AS har mer enn 20 \u00e5rs erfaring med teknisk renhold og leverer tjenester innenfor ett vidt spekter og geografisk nedslagsfelt. Noen av v\u00e5re tjenester er listet opp under.<\/h4>\n<p>Den beste graffitifjerneren er det pro-aktive belegget anti-graffiti. Dette forhindrer graffiti spray maling fra \u00e5 binde seg til overflater. Hvert eneste \u00e5r g\u00e5r det med svimlende summer til \u00e5 fjerne graffiti.<br \/>\nDet er to typer anti graffiti.<br \/>\nMilj\u00f8vennlig graffitibeskyttelse og<br \/>\nUsynlig beskyttelse for ulike materialer<br \/>\nV\u00e5r graffitibeskyttelse.<br \/>\nVi gj\u00f8r arbeidet betraktelig enklere, og ikke minst \u2013 billigere!<\/p>\n<h3>Graffiti beskyttelse \/ Anti Graffiti behandling<\/h3>\n<p><a>Vi beskytter fasader, murer, broer og objekter mot graffiti.<\/a><br \/>\n<a>Graffitibeskyttelsen forhindrer at fargen fester seg til underlaget.<\/a><br \/>\n<a>Ved fjerning av graffiti s\u00e5 benyttes det kun varmt vann, detter er kostnadsbesparende og forlenger levetiden p\u00e5 underlaget.<\/a><br \/>\n<a>Beskyttelsen kan p\u00e5f\u00f8res b\u00e5de ved en permanent behandling eller i ett beskyttelses program.<\/a><br \/>\n<a>Beskyttelsen er diffusjons\u00e5pen \u2013 lar fasaden puste.<\/a><br \/>\n<a>Vi har en forskjellige produkter beregnet til forskjellige underlag.<\/a><\/p>\n<ul>\n<li>Vi utf\u00f8rer fast graffitifjerning over hele Oslo og deler av Viken. Graffitifjerning utf\u00f8res ogs\u00e5 p\u00e5 andre geografiske omr\u00e5der etter avtaler.<\/li>\n<li>Vi stiller alltid raskt opp \u2013 rask fjerning hindrer ny tagging.<\/li>\n<li>Vi opprettholder en flott fasade for kunden.<\/li>\n<\/ul>\n<p>[\/vc_column_text][\/vc_column][\/vc_row][vc_row][vc_column][vc_btn title=&#8221;BEFARING&#8221; style=&#8221;custom&#8221; custom_text=&#8221;#666666&#8243; align=&#8221;center&#8221;]\n<div class=\"wpcf7 no-js\" id=\"wpcf7-f1262-o1\" lang=\"en-US\" dir=\"ltr\" data-wpcf7-id=\"1262\">\n<div class=\"screen-reader-response\"><p role=\"status\" aria-live=\"polite\" aria-atomic=\"true\"><\/p> <ul><\/ul><\/div>\n<form action=\"\/index.php?rest_route=%2Fwp%2Fv2%2Fpages%2F4322#wpcf7-f1262-o1\" method=\"post\" class=\"wpcf7-form init\" aria-label=\"Contact form\" novalidate=\"novalidate\" data-status=\"init\">\n<fieldset class=\"hidden-fields-container\"><input type=\"hidden\" name=\"_wpcf7\" value=\"1262\" \/><input type=\"hidden\" name=\"_wpcf7_version\" value=\"6.1.5\" \/><input type=\"hidden\" name=\"_wpcf7_locale\" value=\"en_US\" \/><input type=\"hidden\" name=\"_wpcf7_unit_tag\" value=\"wpcf7-f1262-o1\" \/><input type=\"hidden\" name=\"_wpcf7_container_post\" value=\"0\" \/><input type=\"hidden\" name=\"_wpcf7_posted_data_hash\" value=\"\" \/>\n<\/fieldset>\n<div class=\"contact-form\">\n\t<div class=\"row\">\n\t\t<div class=\"col-sm-12\">\n\t\t\t<div class=\"form-group\">\n\t\t\t\t<p><i class=\"fa fa-user\" aria-hidden=\"true\"><\/i><span class=\"wpcf7-form-control-wrap\" data-name=\"text-665\"><input size=\"40\" maxlength=\"400\" class=\"wpcf7-form-control wpcf7-text wpcf7-validates-as-required form-control\" aria-required=\"true\" aria-invalid=\"false\" placeholder=\"Navn*\" value=\"\" type=\"text\" name=\"text-665\" \/><\/span>\n\t\t\t\t<\/p>\n\t\t\t<\/div>\n\t\t<\/div>\n\t\t<div class=\"col-sm-12\">\n\t\t\t<div class=\"form-group\">\n\t\t\t\t<p><i class=\"fa fa-envelope\" aria-hidden=\"true\"><\/i><span class=\"wpcf7-form-control-wrap\" data-name=\"email-706\"><input size=\"40\" maxlength=\"400\" class=\"wpcf7-form-control wpcf7-email wpcf7-validates-as-required wpcf7-text wpcf7-validates-as-email form-control\" aria-required=\"true\" aria-invalid=\"false\" placeholder=\"E-post*\" value=\"\" type=\"email\" name=\"email-706\" \/><\/span>\n\t\t\t\t<\/p>\n\t\t\t<\/div>\n\t\t<\/div>\n\t\t<div class=\"col-sm-12\">\n\t\t\t<div class=\"form-group\">\n\t\t\t\t<p><i class=\"fa fa-volume-control-phone\" aria-hidden=\"true\"><\/i><span class=\"wpcf7-form-control-wrap\" data-name=\"text-669\"><input size=\"40\" maxlength=\"400\" class=\"wpcf7-form-control wpcf7-text wpcf7-validates-as-required form-control\" aria-required=\"true\" aria-invalid=\"false\" placeholder=\"Telefon*\" value=\"\" type=\"text\" name=\"text-669\" \/><\/span>\n\t\t\t\t<\/p>\n\t\t\t<\/div>\n\t\t<\/div>\n\t\t<div class=\"col-sm-12\">\n\t\t\t<div class=\"form-group\">\n\t\t\t\t<p><i class=\"fa fa-question\" aria-hidden=\"true\"><\/i><span class=\"wpcf7-form-control-wrap\" data-name=\"text-666\"><input size=\"40\" maxlength=\"400\" class=\"wpcf7-form-control wpcf7-text wpcf7-validates-as-required form-control\" aria-required=\"true\" aria-invalid=\"false\" placeholder=\"Tjenester*\" value=\"\" type=\"text\" name=\"text-666\" \/><\/span>\n\t\t\t\t<\/p>\n\t\t\t<\/div>\n\t\t<\/div>\n\t\t<div class=\"col-sm-12\">\n\t\t\t<div class=\"form-group\">\n\t\t\t\t<p><i class=\"fa fa-comments\" aria-hidden=\"true\"><\/i><span class=\"wpcf7-form-control-wrap\" data-name=\"textarea-652\"><textarea cols=\"40\" rows=\"5\" maxlength=\"2000\" class=\"wpcf7-form-control wpcf7-textarea form-control\" aria-invalid=\"false\" placeholder=\"Beskjed\" name=\"textarea-652\"><\/textarea><\/span>\n\t\t\t\t<\/p>\n\t\t\t<\/div>\n\t\t<\/div>\n\t\t<div class=\"col-sm-12\">\n\t\t\t<div class=\"form-group text-left\">\n\t\t\t\t<p><input class=\"wpcf7-form-control wpcf7-submit has-spinner send-button\" id=\"send-button\" type=\"submit\" value=\"Sende melding\" \/>\n\t\t\t\t<\/p>\n\t\t\t<\/div>\n\t\t<\/div>\n\t\t<div class=\"col-sm-12\">\n\t\t<div class=\"wpcf7-response-output\" aria-hidden=\"true\"><\/div>\n\t\t<\/div>\n\t<\/div>\n<\/div>\n<\/form>\n<\/div>\n[\/vc_column][\/vc_row]<\/p>\n<\/div>","protected":false},"excerpt":{"rendered":"<p>[vc_row][vc_column][vc_column_text css_animation=&#8221;fadeIn&#8221;] Milj\u00f8 Solutions AS har mer enn 20 \u00e5rs erfaring med teknisk renhold og leverer tjenester innenfor ett vidt spekter og geografisk nedslagsfelt. Noen av v\u00e5re tjenester er listet opp under. Den beste graffitifjerneren er det pro-aktive belegget anti-graffiti. Dette forhindrer graffiti spray maling fra \u00e5 binde seg til overflater. Hvert eneste \u00e5r g\u00e5r [&hellip;]<\/p>\n","protected":false},"author":1,"featured_media":0,"parent":0,"menu_order":0,"comment_status":"closed","ping_status":"closed","template":"","meta":{"footnotes":""},"class_list":["post-4322","page","type-page","status-publish","hentry"],"_links":{"self":[{"href":"https:\/\/ms24.no\/index.php?rest_route=\/wp\/v2\/pages\/4322","targetHints":{"allow":["GET"]}}],"collection":[{"href":"https:\/\/ms24.no\/index.php?rest_route=\/wp\/v2\/pages"}],"about":[{"href":"https:\/\/ms24.no\/index.php?rest_route=\/wp\/v2\/types\/page"}],"author":[{"embeddable":true,"href":"https:\/\/ms24.no\/index.php?rest_route=\/wp\/v2\/users\/1"}],"replies":[{"embeddable":true,"href":"https:\/\/ms24.no\/index.php?rest_route=%2Fwp%2Fv2%2Fcomments&post=4322"}],"version-history":[{"count":40,"href":"https:\/\/ms24.no\/index.php?rest_route=\/wp\/v2\/pages\/4322\/revisions"}],"predecessor-version":[{"id":5933,"href":"https:\/\/ms24.no\/index.php?rest_route=\/wp\/v2\/pages\/4322\/revisions\/5933"}],"wp:attachment":[{"href":"https:\/\/ms24.no\/index.php?rest_route=%2Fwp%2Fv2%2Fmedia&parent=4322"}],"curies":[{"name":"wp","href":"https:\/\/api.w.org\/{rel}","templated":true}]}}